{"id":3661,"date":"2019-07-30T12:24:07","date_gmt":"2019-07-30T12:24:07","guid":{"rendered":"https:\/\/ccscleaning.com\/?page_id=3661"},"modified":"2025-08-19T08:10:23","modified_gmt":"2025-08-19T08:10:23","slug":"frank-cullen-bursary-fund","status":"publish","type":"page","link":"https:\/\/ccscleaning.com\/pl\/frank-cullen-bursary-fund\/","title":{"rendered":"Frank Cullen Bursary Fund"},"content":{"rendered":"","protected":false},"excerpt":{"rendered":"","protected":false},"author":1,"featured_media":0,"parent":0,"menu_order":0,"comment_status":"closed","ping_status":"closed","template":"page-templates\/page-csr-inner.php","meta":{"footnotes":""},"class_list":["post-3661","page","type-page","status-publish","hentry"],"yoast_head":"<!-- This site is optimized with the Yoast SEO plugin v27.1.1 - https:\/\/yoast.com\/product\/yoast-seo-wordpress\/ -->\n<title>Frank Cullen Bursary Fundusz - CCS<\/title>\n<meta name=\"description\" content=\"Ta spo\u0142eczno\u015b\u0107 charytatywna zosta\u0142a nazwana na cze\u015b\u0107 by\u0142ego MD CCS - Franka Cullena. Ta organizacja charytatywna zbiera pieni\u0105dze dla biednych ludzi w spo\u0142ecze\u0144stwie.\" \/>\n<meta name=\"robots\" content=\"index, follow, max-snippet:-1, max-image-preview:large, max-video-preview:-1\" \/>\n<link rel=\"canonical\" href=\"https:\/\/ccscleaning.com\/pl\/frank-cullen-bursary-fund\/\" \/>\n<meta property=\"og:locale\" content=\"pl_PL\" \/>\n<meta property=\"og:type\" content=\"article\" \/>\n<meta property=\"og:title\" content=\"Frank Cullen Bursary Fundusz - CCS\" \/>\n<meta property=\"og:description\" content=\"Ta spo\u0142eczno\u015b\u0107 charytatywna zosta\u0142a nazwana na cze\u015b\u0107 by\u0142ego MD CCS - Franka Cullena. Ta organizacja charytatywna zbiera pieni\u0105dze dla biednych ludzi w spo\u0142ecze\u0144stwie.\" \/>\n<meta property=\"og:url\" content=\"https:\/\/ccscleaning.com\/pl\/frank-cullen-bursary-fund\/\" \/>\n<meta property=\"og:site_name\" content=\"CCS Cleaning Poland\" \/>\n<meta property=\"article:modified_time\" content=\"2025-08-19T08:10:23+00:00\" \/>\n<meta name=\"twitter:card\" content=\"summary_large_image\" \/>\n<!-- \/ Yoast SEO plugin. -->","yoast_head_json":{"title":"Frank Cullen Bursary Fundusz - CCS","description":"Ta spo\u0142eczno\u015b\u0107 charytatywna zosta\u0142a nazwana na cze\u015b\u0107 by\u0142ego MD CCS - Franka Cullena. Ta organizacja charytatywna zbiera pieni\u0105dze dla biednych ludzi w spo\u0142ecze\u0144stwie.","robots":{"index":"index","follow":"follow","max-snippet":"max-snippet:-1","max-image-preview":"max-image-preview:large","max-video-preview":"max-video-preview:-1"},"canonical":"https:\/\/ccscleaning.com\/pl\/frank-cullen-bursary-fund\/","og_locale":"pl_PL","og_type":"article","og_title":"Frank Cullen Bursary Fundusz - CCS","og_description":"Ta spo\u0142eczno\u015b\u0107 charytatywna zosta\u0142a nazwana na cze\u015b\u0107 by\u0142ego MD CCS - Franka Cullena. Ta organizacja charytatywna zbiera pieni\u0105dze dla biednych ludzi w spo\u0142ecze\u0144stwie.","og_url":"https:\/\/ccscleaning.com\/pl\/frank-cullen-bursary-fund\/","og_site_name":"CCS Cleaning Poland","article_modified_time":"2025-08-19T08:10:23+00:00","twitter_card":"summary_large_image","schema":{"@context":"https:\/\/schema.org","@graph":[{"@type":"WebPage","@id":"https:\/\/ccscleaning.com\/pl\/frank-cullen-bursary-fund\/","url":"https:\/\/ccscleaning.com\/pl\/frank-cullen-bursary-fund\/","name":"Frank Cullen Bursary Fundusz - CCS","isPartOf":{"@id":"https:\/\/ccscleaning.com\/pl\/#website"},"datePublished":"2019-07-30T12:24:07+00:00","dateModified":"2025-08-19T08:10:23+00:00","description":"Ta spo\u0142eczno\u015b\u0107 charytatywna zosta\u0142a nazwana na cze\u015b\u0107 by\u0142ego MD CCS - Franka Cullena. Ta organizacja charytatywna zbiera pieni\u0105dze dla biednych ludzi w spo\u0142ecze\u0144stwie.","breadcrumb":{"@id":"https:\/\/ccscleaning.com\/pl\/frank-cullen-bursary-fund\/#breadcrumb"},"inLanguage":"pl-PL","potentialAction":[{"@type":"ReadAction","target":["https:\/\/ccscleaning.com\/pl\/frank-cullen-bursary-fund\/"]}]},{"@type":"BreadcrumbList","@id":"https:\/\/ccscleaning.com\/pl\/frank-cullen-bursary-fund\/#breadcrumb","itemListElement":[{"@type":"ListItem","position":1,"name":"Strona g\u0142\u00f3wna","item":"https:\/\/ccscleaning.com\/pl\/"},{"@type":"ListItem","position":2,"name":"Frank Cullen Bursary Fund"}]},{"@type":"WebSite","@id":"https:\/\/ccscleaning.com\/pl\/#website","url":"https:\/\/ccscleaning.com\/pl\/","name":"CCS Cleaning Poland","description":"","potentialAction":[{"@type":"SearchAction","target":{"@type":"EntryPoint","urlTemplate":"https:\/\/ccscleaning.com\/pl\/?s={search_term_string}"},"query-input":{"@type":"PropertyValueSpecification","valueRequired":true,"valueName":"search_term_string"}}],"inLanguage":"pl-PL"}]}},"acf":[],"_links":{"self":[{"href":"https:\/\/ccscleaning.com\/pl\/wp-json\/wp\/v2\/pages\/3661","targetHints":{"allow":["GET"]}}],"collection":[{"href":"https:\/\/ccscleaning.com\/pl\/wp-json\/wp\/v2\/pages"}],"about":[{"href":"https:\/\/ccscleaning.com\/pl\/wp-json\/wp\/v2\/types\/page"}],"author":[{"embeddable":true,"href":"https:\/\/ccscleaning.com\/pl\/wp-json\/wp\/v2\/users\/1"}],"replies":[{"embeddable":true,"href":"https:\/\/ccscleaning.com\/pl\/wp-json\/wp\/v2\/comments?post=3661"}],"version-history":[{"count":7,"href":"https:\/\/ccscleaning.com\/pl\/wp-json\/wp\/v2\/pages\/3661\/revisions"}],"predecessor-version":[{"id":7031,"href":"https:\/\/ccscleaning.com\/pl\/wp-json\/wp\/v2\/pages\/3661\/revisions\/7031"}],"wp:attachment":[{"href":"https:\/\/ccscleaning.com\/pl\/wp-json\/wp\/v2\/media?parent=3661"}],"curies":[{"name":"wp","href":"https:\/\/api.w.org\/{rel}","templated":true}]}}