{"id":3681,"date":"2019-07-30T13:11:26","date_gmt":"2019-07-30T13:11:26","guid":{"rendered":"https:\/\/ccscleaning.com\/?page_id=3681"},"modified":"2025-08-19T08:10:23","modified_gmt":"2025-08-19T08:10:23","slug":"standards","status":"publish","type":"page","link":"https:\/\/ccscleaning.com\/pl\/standards\/","title":{"rendered":"Standards"},"content":{"rendered":"","protected":false},"excerpt":{"rendered":"","protected":false},"author":1,"featured_media":0,"parent":0,"menu_order":0,"comment_status":"closed","ping_status":"closed","template":"page-templates\/page-csr-inner.php","meta":{"footnotes":""},"class_list":["post-3681","page","type-page","status-publish","hentry"],"yoast_head":"<!-- This site is optimized with the Yoast SEO plugin v27.1.1 - https:\/\/yoast.com\/product\/yoast-seo-wordpress\/ -->\n<title>Standardy - CCS<\/title>\n<meta name=\"description\" content=\"CCS ustanawia wysokie standardy us\u0142ug i dzia\u0142a szybko, aby rozwi\u0105za\u0107 wszelkie problemy. CCS wierzy w otwart\u0105 komunikacj\u0119 i zawsze jest otwarty na wszelkie opinie dotycz\u0105ce us\u0142ug.\" \/>\n<meta name=\"robots\" content=\"index, follow, max-snippet:-1, max-image-preview:large, max-video-preview:-1\" \/>\n<link rel=\"canonical\" href=\"https:\/\/ccscleaning.com\/pl\/standards\/\" \/>\n<meta property=\"og:locale\" content=\"pl_PL\" \/>\n<meta property=\"og:type\" content=\"article\" \/>\n<meta property=\"og:title\" content=\"Standardy - CCS\" \/>\n<meta property=\"og:description\" content=\"CCS ustanawia wysokie standardy us\u0142ug i dzia\u0142a szybko, aby rozwi\u0105za\u0107 wszelkie problemy. CCS wierzy w otwart\u0105 komunikacj\u0119 i zawsze jest otwarty na wszelkie opinie dotycz\u0105ce us\u0142ug.\" \/>\n<meta property=\"og:url\" content=\"https:\/\/ccscleaning.com\/pl\/standards\/\" \/>\n<meta property=\"og:site_name\" content=\"CCS Cleaning Poland\" \/>\n<meta property=\"article:modified_time\" content=\"2025-08-19T08:10:23+00:00\" \/>\n<meta name=\"twitter:card\" content=\"summary_large_image\" \/>\n<!-- \/ Yoast SEO plugin. -->","yoast_head_json":{"title":"Standardy - CCS","description":"CCS ustanawia wysokie standardy us\u0142ug i dzia\u0142a szybko, aby rozwi\u0105za\u0107 wszelkie problemy. CCS wierzy w otwart\u0105 komunikacj\u0119 i zawsze jest otwarty na wszelkie opinie dotycz\u0105ce us\u0142ug.","robots":{"index":"index","follow":"follow","max-snippet":"max-snippet:-1","max-image-preview":"max-image-preview:large","max-video-preview":"max-video-preview:-1"},"canonical":"https:\/\/ccscleaning.com\/pl\/standards\/","og_locale":"pl_PL","og_type":"article","og_title":"Standardy - CCS","og_description":"CCS ustanawia wysokie standardy us\u0142ug i dzia\u0142a szybko, aby rozwi\u0105za\u0107 wszelkie problemy. CCS wierzy w otwart\u0105 komunikacj\u0119 i zawsze jest otwarty na wszelkie opinie dotycz\u0105ce us\u0142ug.","og_url":"https:\/\/ccscleaning.com\/pl\/standards\/","og_site_name":"CCS Cleaning Poland","article_modified_time":"2025-08-19T08:10:23+00:00","twitter_card":"summary_large_image","schema":{"@context":"https:\/\/schema.org","@graph":[{"@type":"WebPage","@id":"https:\/\/ccscleaning.com\/pl\/standards\/","url":"https:\/\/ccscleaning.com\/pl\/standards\/","name":"Standardy - CCS","isPartOf":{"@id":"https:\/\/ccscleaning.com\/pl\/#website"},"datePublished":"2019-07-30T13:11:26+00:00","dateModified":"2025-08-19T08:10:23+00:00","description":"CCS ustanawia wysokie standardy us\u0142ug i dzia\u0142a szybko, aby rozwi\u0105za\u0107 wszelkie problemy. CCS wierzy w otwart\u0105 komunikacj\u0119 i zawsze jest otwarty na wszelkie opinie dotycz\u0105ce us\u0142ug.","breadcrumb":{"@id":"https:\/\/ccscleaning.com\/pl\/standards\/#breadcrumb"},"inLanguage":"pl-PL","potentialAction":[{"@type":"ReadAction","target":["https:\/\/ccscleaning.com\/pl\/standards\/"]}]},{"@type":"BreadcrumbList","@id":"https:\/\/ccscleaning.com\/pl\/standards\/#breadcrumb","itemListElement":[{"@type":"ListItem","position":1,"name":"Strona g\u0142\u00f3wna","item":"https:\/\/ccscleaning.com\/pl\/"},{"@type":"ListItem","position":2,"name":"Standards"}]},{"@type":"WebSite","@id":"https:\/\/ccscleaning.com\/pl\/#website","url":"https:\/\/ccscleaning.com\/pl\/","name":"CCS Cleaning Poland","description":"","potentialAction":[{"@type":"SearchAction","target":{"@type":"EntryPoint","urlTemplate":"https:\/\/ccscleaning.com\/pl\/?s={search_term_string}"},"query-input":{"@type":"PropertyValueSpecification","valueRequired":true,"valueName":"search_term_string"}}],"inLanguage":"pl-PL"}]}},"acf":[],"_links":{"self":[{"href":"https:\/\/ccscleaning.com\/pl\/wp-json\/wp\/v2\/pages\/3681","targetHints":{"allow":["GET"]}}],"collection":[{"href":"https:\/\/ccscleaning.com\/pl\/wp-json\/wp\/v2\/pages"}],"about":[{"href":"https:\/\/ccscleaning.com\/pl\/wp-json\/wp\/v2\/types\/page"}],"author":[{"embeddable":true,"href":"https:\/\/ccscleaning.com\/pl\/wp-json\/wp\/v2\/users\/1"}],"replies":[{"embeddable":true,"href":"https:\/\/ccscleaning.com\/pl\/wp-json\/wp\/v2\/comments?post=3681"}],"version-history":[{"count":5,"href":"https:\/\/ccscleaning.com\/pl\/wp-json\/wp\/v2\/pages\/3681\/revisions"}],"predecessor-version":[{"id":7026,"href":"https:\/\/ccscleaning.com\/pl\/wp-json\/wp\/v2\/pages\/3681\/revisions\/7026"}],"wp:attachment":[{"href":"https:\/\/ccscleaning.com\/pl\/wp-json\/wp\/v2\/media?parent=3681"}],"curies":[{"name":"wp","href":"https:\/\/api.w.org\/{rel}","templated":true}]}}