{"id":37,"date":"2018-10-03T07:30:46","date_gmt":"2018-10-03T07:30:46","guid":{"rendered":"https:\/\/ccscleaning.com\/?page_id=37"},"modified":"2025-08-19T08:10:27","modified_gmt":"2025-08-19T08:10:27","slug":"cleaning-services","status":"publish","type":"page","link":"https:\/\/ccscleaning.com\/pl\/cleaning-services\/","title":{"rendered":"Our Services"},"content":{"rendered":"","protected":false},"excerpt":{"rendered":"","protected":false},"author":1,"featured_media":0,"parent":0,"menu_order":0,"comment_status":"closed","ping_status":"closed","template":"page-templates\/page-sector-main.php","meta":{"footnotes":""},"class_list":["post-37","page","type-page","status-publish","hentry"],"yoast_head":"<!-- This site is optimized with the Yoast SEO plugin v27.1.1 - https:\/\/yoast.com\/product\/yoast-seo-wordpress\/ -->\n<title>Nasze us\u0142ugi czyszczenia - czyszczenie CCS<\/title>\n<meta name=\"description\" content=\"Czyszczenie CCS za pomoc\u0105 najnowocze\u015bniejszych, zaawansowanych technologii i maszyn czyszcz\u0105cych oferuje szeroki zakres og\u00f3lnych us\u0142ug czyszczenia gwarantuj\u0105cych wysok\u0105 jako\u015b\u0107 czyszczenia.\" \/>\n<meta name=\"robots\" content=\"index, follow, max-snippet:-1, max-image-preview:large, max-video-preview:-1\" \/>\n<link rel=\"canonical\" href=\"https:\/\/ccscleaning.com\/pl\/cleaning-services\/\" \/>\n<meta property=\"og:locale\" content=\"pl_PL\" \/>\n<meta property=\"og:type\" content=\"article\" \/>\n<meta property=\"og:title\" content=\"Nasze us\u0142ugi czyszczenia - czyszczenie CCS\" \/>\n<meta property=\"og:description\" content=\"Czyszczenie CCS za pomoc\u0105 najnowocze\u015bniejszych, zaawansowanych technologii i maszyn czyszcz\u0105cych oferuje szeroki zakres og\u00f3lnych us\u0142ug czyszczenia gwarantuj\u0105cych wysok\u0105 jako\u015b\u0107 czyszczenia.\" \/>\n<meta property=\"og:url\" content=\"https:\/\/ccscleaning.com\/pl\/cleaning-services\/\" \/>\n<meta property=\"og:site_name\" content=\"CCS Cleaning Poland\" \/>\n<meta property=\"article:modified_time\" content=\"2025-08-19T08:10:27+00:00\" \/>\n<meta name=\"twitter:card\" content=\"summary_large_image\" \/>\n<!-- \/ Yoast SEO plugin. -->","yoast_head_json":{"title":"Nasze us\u0142ugi czyszczenia - czyszczenie CCS","description":"Czyszczenie CCS za pomoc\u0105 najnowocze\u015bniejszych, zaawansowanych technologii i maszyn czyszcz\u0105cych oferuje szeroki zakres og\u00f3lnych us\u0142ug czyszczenia gwarantuj\u0105cych wysok\u0105 jako\u015b\u0107 czyszczenia.","robots":{"index":"index","follow":"follow","max-snippet":"max-snippet:-1","max-image-preview":"max-image-preview:large","max-video-preview":"max-video-preview:-1"},"canonical":"https:\/\/ccscleaning.com\/pl\/cleaning-services\/","og_locale":"pl_PL","og_type":"article","og_title":"Nasze us\u0142ugi czyszczenia - czyszczenie CCS","og_description":"Czyszczenie CCS za pomoc\u0105 najnowocze\u015bniejszych, zaawansowanych technologii i maszyn czyszcz\u0105cych oferuje szeroki zakres og\u00f3lnych us\u0142ug czyszczenia gwarantuj\u0105cych wysok\u0105 jako\u015b\u0107 czyszczenia.","og_url":"https:\/\/ccscleaning.com\/pl\/cleaning-services\/","og_site_name":"CCS Cleaning Poland","article_modified_time":"2025-08-19T08:10:27+00:00","twitter_card":"summary_large_image","schema":{"@context":"https:\/\/schema.org","@graph":[{"@type":"WebPage","@id":"https:\/\/ccscleaning.com\/pl\/cleaning-services\/","url":"https:\/\/ccscleaning.com\/pl\/cleaning-services\/","name":"Nasze us\u0142ugi czyszczenia - czyszczenie CCS","isPartOf":{"@id":"https:\/\/ccscleaning.com\/pl\/#website"},"datePublished":"2018-10-03T07:30:46+00:00","dateModified":"2025-08-19T08:10:27+00:00","description":"Czyszczenie CCS za pomoc\u0105 najnowocze\u015bniejszych, zaawansowanych technologii i maszyn czyszcz\u0105cych oferuje szeroki zakres og\u00f3lnych us\u0142ug czyszczenia gwarantuj\u0105cych wysok\u0105 jako\u015b\u0107 czyszczenia.","breadcrumb":{"@id":"https:\/\/ccscleaning.com\/pl\/cleaning-services\/#breadcrumb"},"inLanguage":"pl-PL","potentialAction":[{"@type":"ReadAction","target":["https:\/\/ccscleaning.com\/pl\/cleaning-services\/"]}]},{"@type":"BreadcrumbList","@id":"https:\/\/ccscleaning.com\/pl\/cleaning-services\/#breadcrumb","itemListElement":[{"@type":"ListItem","position":1,"name":"Strona g\u0142\u00f3wna","item":"https:\/\/ccscleaning.com\/pl\/"},{"@type":"ListItem","position":2,"name":"Our Services"}]},{"@type":"WebSite","@id":"https:\/\/ccscleaning.com\/pl\/#website","url":"https:\/\/ccscleaning.com\/pl\/","name":"CCS Cleaning Poland","description":"","potentialAction":[{"@type":"SearchAction","target":{"@type":"EntryPoint","urlTemplate":"https:\/\/ccscleaning.com\/pl\/?s={search_term_string}"},"query-input":{"@type":"PropertyValueSpecification","valueRequired":true,"valueName":"search_term_string"}}],"inLanguage":"pl-PL"}]}},"acf":[],"_links":{"self":[{"href":"https:\/\/ccscleaning.com\/pl\/wp-json\/wp\/v2\/pages\/37","targetHints":{"allow":["GET"]}}],"collection":[{"href":"https:\/\/ccscleaning.com\/pl\/wp-json\/wp\/v2\/pages"}],"about":[{"href":"https:\/\/ccscleaning.com\/pl\/wp-json\/wp\/v2\/types\/page"}],"author":[{"embeddable":true,"href":"https:\/\/ccscleaning.com\/pl\/wp-json\/wp\/v2\/users\/1"}],"replies":[{"embeddable":true,"href":"https:\/\/ccscleaning.com\/pl\/wp-json\/wp\/v2\/comments?post=37"}],"version-history":[{"count":3,"href":"https:\/\/ccscleaning.com\/pl\/wp-json\/wp\/v2\/pages\/37\/revisions"}],"predecessor-version":[{"id":7100,"href":"https:\/\/ccscleaning.com\/pl\/wp-json\/wp\/v2\/pages\/37\/revisions\/7100"}],"wp:attachment":[{"href":"https:\/\/ccscleaning.com\/pl\/wp-json\/wp\/v2\/media?parent=37"}],"curies":[{"name":"wp","href":"https:\/\/api.w.org\/{rel}","templated":true}]}}