{"id":41,"date":"2018-10-03T07:31:14","date_gmt":"2018-10-03T07:31:14","guid":{"rendered":"https:\/\/ccscleaning.com\/?page_id=41"},"modified":"2025-08-19T11:32:15","modified_gmt":"2025-08-19T11:32:15","slug":"smart-training","status":"publish","type":"page","link":"https:\/\/ccscleaning.com\/pl\/smart-training\/","title":{"rendered":"Training"},"content":{"rendered":"<div class=\"smteam\">\r\n<div class=\"container\">\r\n<div class=\"row\">\r\n<div class=\"innerpage-content center\">\r\n<h2>BLASK. PRZYK\u0141AD<\/h2>\r\n<p>CCS posiada w\u0142asny o\u015brodek szkoleniowy, kt\u00f3ry zapewnia zar\u00f3wno szkolenia teoretyczne, jak i praktyczne. Jeste\u015bmy cz\u0142onkami Europejskiej Federacji Utrzymania Czysto\u015bci (EFCI) oraz Mi\u0119dzynarodowego Towarzystwa Dostawc\u00f3w Sanitarnych (ISSA), a tak\u017ce wsp\u00f3\u0142pracowali\u015bmy z Londy\u0144sk\u0105 Akademi\u0105 Sprz\u0105tania (London Cleaning Academy). Firma CCS Cleaning Services uzyska\u0142a akredytacj\u0119 dla swojego Zespo\u0142u Sprz\u0105tania Przemys\u0142owego i Wst\u0119pnego.<\/p>\r\n<\/br>\r\n<h2>PEWNO\u015a\u0106. BEZPIECZE\u0143STWO.<\/h2>\r\n<p>CCS stosuje wewn\u0119trzne procedury weryfikacji, w celu sprawdzenia wszystkich potencjalnych kandydat\u00f3w. Wszelkie infomracje oraz dokumenty s\u0105 sprawdzane podczas procesu rekrutacyjnego.<\/p>\r\n<\/br>\r\n<\/div>\r\n<\/div>\r\n<\/div>\r\n<\/div>","protected":false},"excerpt":{"rendered":"<p>BLASK. PRZYK\u0141AD CCS posiada w\u0142asny o\u015brodek szkoleniowy, kt\u00f3ry zapewnia zar\u00f3wno szkolenia teoretyczne, jak i praktyczne. Jeste\u015bmy cz\u0142onkami Europejskiej Federacji Utrzymania Czysto\u015bci (EFCI) oraz Mi\u0119dzynarodowego Towarzystwa Dostawc\u00f3w Sanitarnych (ISSA), a tak\u017ce wsp\u00f3\u0142pracowali\u015bmy z Londy\u0144sk\u0105 Akademi\u0105 Sprz\u0105tania (London Cleaning Academy). Firma CCS Cleaning Services uzyska\u0142a akredytacj\u0119 dla swojego Zespo\u0142u Sprz\u0105tania Przemys\u0142owego i Wst\u0119pnego. PEWNO\u015a\u0106. BEZPIECZE\u0143STWO. CCS stosuje&#8230;  <a href=\"https:\/\/ccscleaning.com\/pl\/smart-training\/\" class=\"more-link\" title=\"Read Training\">Read more &raquo;<\/a><\/p>\n","protected":false},"author":1,"featured_media":0,"parent":0,"menu_order":0,"comment_status":"closed","ping_status":"closed","template":"","meta":{"footnotes":""},"class_list":["post-41","page","type-page","status-publish","hentry"],"yoast_head":"<!-- This site is optimized with the Yoast SEO plugin v27.1.1 - https:\/\/yoast.com\/product\/yoast-seo-wordpress\/ -->\n<title>Profesjonalne us\u0142ugi sprz\u0105tania w Europie - CCS Cleaning<\/title>\n<meta name=\"description\" content=\"Przyst\u0105pi\u0107 smart Trening program Z CCS Cleaning, mie\u0107 profesjonaln\u0105 i b\u0142yszcz\u0105c\u0105 karier\u0119 w dziedzinie czyszczenia przemys\u0142owego.\" \/>\n<meta name=\"robots\" content=\"index, follow, max-snippet:-1, max-image-preview:large, max-video-preview:-1\" \/>\n<link rel=\"canonical\" href=\"https:\/\/ccscleaning.com\/pl\/smart-training\/\" \/>\n<meta property=\"og:locale\" content=\"pl_PL\" \/>\n<meta property=\"og:type\" content=\"article\" \/>\n<meta property=\"og:title\" content=\"Profesjonalne us\u0142ugi sprz\u0105tania w Europie - CCS Cleaning\" \/>\n<meta property=\"og:description\" content=\"Przyst\u0105pi\u0107 smart Trening program Z CCS Cleaning, mie\u0107 profesjonaln\u0105 i b\u0142yszcz\u0105c\u0105 karier\u0119 w dziedzinie czyszczenia przemys\u0142owego.\" \/>\n<meta property=\"og:url\" content=\"https:\/\/ccscleaning.com\/pl\/smart-training\/\" \/>\n<meta property=\"og:site_name\" content=\"CCS Cleaning Poland\" \/>\n<meta property=\"article:modified_time\" content=\"2025-08-19T11:32:15+00:00\" \/>\n<meta name=\"twitter:card\" content=\"summary_large_image\" \/>\n<meta name=\"twitter:label1\" content=\"Est. reading time\" \/>\n\t<meta name=\"twitter:data1\" content=\"1 minuta\" \/>\n<!-- \/ Yoast SEO plugin. -->","yoast_head_json":{"title":"Profesjonalne us\u0142ugi sprz\u0105tania w Europie - CCS Cleaning","description":"Przyst\u0105pi\u0107 smart Trening program Z CCS Cleaning, mie\u0107 profesjonaln\u0105 i b\u0142yszcz\u0105c\u0105 karier\u0119 w dziedzinie czyszczenia przemys\u0142owego.","robots":{"index":"index","follow":"follow","max-snippet":"max-snippet:-1","max-image-preview":"max-image-preview:large","max-video-preview":"max-video-preview:-1"},"canonical":"https:\/\/ccscleaning.com\/pl\/smart-training\/","og_locale":"pl_PL","og_type":"article","og_title":"Profesjonalne us\u0142ugi sprz\u0105tania w Europie - CCS Cleaning","og_description":"Przyst\u0105pi\u0107 smart Trening program Z CCS Cleaning, mie\u0107 profesjonaln\u0105 i b\u0142yszcz\u0105c\u0105 karier\u0119 w dziedzinie czyszczenia przemys\u0142owego.","og_url":"https:\/\/ccscleaning.com\/pl\/smart-training\/","og_site_name":"CCS Cleaning Poland","article_modified_time":"2025-08-19T11:32:15+00:00","twitter_card":"summary_large_image","twitter_misc":{"Est. reading time":"1 minuta"},"schema":{"@context":"https:\/\/schema.org","@graph":[{"@type":"WebPage","@id":"https:\/\/ccscleaning.com\/pl\/smart-training\/","url":"https:\/\/ccscleaning.com\/pl\/smart-training\/","name":"Profesjonalne us\u0142ugi sprz\u0105tania w Europie - CCS Cleaning","isPartOf":{"@id":"https:\/\/ccscleaning.com\/pl\/#website"},"datePublished":"2018-10-03T07:31:14+00:00","dateModified":"2025-08-19T11:32:15+00:00","description":"Przyst\u0105pi\u0107 smart Trening program Z CCS Cleaning, mie\u0107 profesjonaln\u0105 i b\u0142yszcz\u0105c\u0105 karier\u0119 w dziedzinie czyszczenia przemys\u0142owego.","breadcrumb":{"@id":"https:\/\/ccscleaning.com\/pl\/smart-training\/#breadcrumb"},"inLanguage":"pl-PL","potentialAction":[{"@type":"ReadAction","target":["https:\/\/ccscleaning.com\/pl\/smart-training\/"]}]},{"@type":"BreadcrumbList","@id":"https:\/\/ccscleaning.com\/pl\/smart-training\/#breadcrumb","itemListElement":[{"@type":"ListItem","position":1,"name":"Strona g\u0142\u00f3wna","item":"https:\/\/ccscleaning.com\/pl\/"},{"@type":"ListItem","position":2,"name":"Training"}]},{"@type":"WebSite","@id":"https:\/\/ccscleaning.com\/pl\/#website","url":"https:\/\/ccscleaning.com\/pl\/","name":"CCS Cleaning Poland","description":"","potentialAction":[{"@type":"SearchAction","target":{"@type":"EntryPoint","urlTemplate":"https:\/\/ccscleaning.com\/pl\/?s={search_term_string}"},"query-input":{"@type":"PropertyValueSpecification","valueRequired":true,"valueName":"search_term_string"}}],"inLanguage":"pl-PL"}]}},"acf":[],"_links":{"self":[{"href":"https:\/\/ccscleaning.com\/pl\/wp-json\/wp\/v2\/pages\/41","targetHints":{"allow":["GET"]}}],"collection":[{"href":"https:\/\/ccscleaning.com\/pl\/wp-json\/wp\/v2\/pages"}],"about":[{"href":"https:\/\/ccscleaning.com\/pl\/wp-json\/wp\/v2\/types\/page"}],"author":[{"embeddable":true,"href":"https:\/\/ccscleaning.com\/pl\/wp-json\/wp\/v2\/users\/1"}],"replies":[{"embeddable":true,"href":"https:\/\/ccscleaning.com\/pl\/wp-json\/wp\/v2\/comments?post=41"}],"version-history":[{"count":2,"href":"https:\/\/ccscleaning.com\/pl\/wp-json\/wp\/v2\/pages\/41\/revisions"}],"predecessor-version":[{"id":7230,"href":"https:\/\/ccscleaning.com\/pl\/wp-json\/wp\/v2\/pages\/41\/revisions\/7230"}],"wp:attachment":[{"href":"https:\/\/ccscleaning.com\/pl\/wp-json\/wp\/v2\/media?parent=41"}],"curies":[{"name":"wp","href":"https:\/\/api.w.org\/{rel}","templated":true}]}}