{"id":4501,"date":"2020-04-30T13:35:44","date_gmt":"2020-04-30T13:35:44","guid":{"rendered":"https:\/\/ccscleaning.com\/?page_id=4501"},"modified":"2025-08-19T08:10:22","modified_gmt":"2025-08-19T08:10:22","slug":"covid-19-cleaning-services","status":"publish","type":"page","link":"https:\/\/ccscleaning.com\/pl\/covid-19-cleaning-services\/","title":{"rendered":"COVID 19"},"content":{"rendered":"<div class=\"new-cov\">\r\n<div class=\"container\">\r\n<div class=\"row\">\r\n<div class=\"covid-wrap\">\r\n<div class=\"row cont-sec\">\r\n<div class=\"col-custm col-contn\">\r\n<h3>Jak CCS reaguje na COVID 19<\/h3>\r\n<p>Od momentu wybuchu pandemii spos\u00f3b prowadzenia naszej dzia\u0142alno\u015bci uleg\u0142 du\u017cej zmianie. Priorytetem sta\u0142a si\u0119 ochrona naszych pracownik\u00f3w, klient\u00f3w i ca\u0142ego spo\u0142ecze\u0144stwa. Kierujemy si\u0119 wytycznymi \u015awiatowej Organizacji Zdrowia oraz przestrzegamy nowych przepis\u00f3w w ka\u017cdym z kraj\u00f3w, w kt\u00f3rych dzia\u0142amy.<\/p>\r\n<p>Trwaj\u0105ca pandemia jeszcze bardziej u\u015bwiadomi\u0142a nam, jak wa\u017cna jest wsp\u00f3\u0142praca i potrzeby naszych pracownik\u00f3w. Wielu cz\u0142onk\u00f3w naszego zespo\u0142u pracuje zdalnie, aby przygotowa\u0107 si\u0119 na okres, kiedy wszyscy b\u0119dziemy mogli wr\u00f3ci\u0107 do pracy.<\/p>\r\n<p>Ten nadzwyczajny czas ukazuje, jak niezast\u0105pion\u0105 i istotn\u0105 rol\u0119 pe\u0142ni\u0105 w naszym \u017cyciu osoby sprz\u0105taj\u0105ce. CCS jest dumne ze swoich pracownik\u00f3w, kt\u00f3rzy dok\u0142adaj\u0105 cegie\u0142k\u0119 do utrzymania czysto\u015bci i powstrzymania rozprzestrzeniania si\u0119 wirusa podczas kryzysu.<\/p>\r\n<div class=\"covid-btn-sec\">\r\n<a href=\"#contact-section\" class=\"cta-btn\">Contact Us<\/a>\r\n<a href=\"https:\/\/ccscleaning.com\/pl\/cleaning-services\/\" class=\"cta-btn bg-blue\" target=\"_blank\" rel=\"noopener noreferrer\">Our Services<\/a>\r\n<\/div>\r\n<\/div>\r\n<div class=\"col-custm col-imge\"><img loading=\"lazy\" decoding=\"async\" width=\"665\" height=\"359\" src=\"https:\/\/ccscleaning.com\/nl\/wp-content\/uploads\/sites\/4\/2020\/05\/covid-19-virus-shield-mask.jpg\" alt=\"covid-19 Virus Shield Mask\" class=\"alignright size-full wp-image-4573 img-fluid\" srcset=\"https:\/\/ccscleaning.com\/pl\/wp-content\/uploads\/sites\/6\/2020\/05\/covid-19-virus-shield-mask.jpg 665w, https:\/\/ccscleaning.com\/pl\/wp-content\/uploads\/sites\/6\/2020\/05\/covid-19-virus-shield-mask-300x162.jpg 300w\" sizes=\"auto, (max-width: 665px) 100vw, 665px\" \/> <\/div>\r\n<\/div>\r\n<div class=\"row cont-sec\">\r\n \r\n<div class=\"col-custm col-imge\"><img loading=\"lazy\" decoding=\"async\" width=\"332\" height=\"230\" src=\"https:\/\/ccscleaning.com\/nl\/wp-content\/uploads\/sites\/4\/2020\/05\/coronavirus-virus-shield-mask.jpg\" alt=\"Coronavirus Virus Shield Mask\" class=\"alignright size-full wp-image-4574 img-fluid\" srcset=\"https:\/\/ccscleaning.com\/pl\/wp-content\/uploads\/sites\/6\/2020\/05\/coronavirus-virus-shield-mask.jpg 332w, https:\/\/ccscleaning.com\/pl\/wp-content\/uploads\/sites\/6\/2020\/05\/coronavirus-virus-shield-mask-300x208.jpg 300w\" sizes=\"auto, (max-width: 332px) 100vw, 332px\" \/><\/div>\r\n<div class=\"col-custm col-contn\">\r\n<h3>CCS \u2013 Zesp\u00f3\u0142 reagowania na pandemi\u0119<\/h3>\r\n<p>Aby przygotowa\u0107 si\u0119 na dodatkowe potrzeby naszych klient\u00f3w, pracownicy CCS uko\u0144czyli szkolenie prowadzone przez Komitet Doradczy ds. Globalnego Bioryzyka (GBAC). Kurs ten pom\u00f3g\u0142 zespo\u0142owi CCS podnie\u015b\u0107 swoje kwalifikacje oraz rozszerzy\u0107 wiedz\u0119 z zakresu \u015brodk\u00f3w zapobiegawczych, kt\u00f3re maj\u0105 na celu wdro\u017cenie szybkiej reakcji na infekcje oraz zanieczyszczenia w obecnej sytuacji i w przysz\u0142o\u015bci. Pracownicy CCS posiadaj\u0105 certyfikat GBAC w zakresie reagowania na zagro\u017cenie oraz u\u017cywania sprz\u0119tu ochrony osobistej.<\/p>\r\n<p>Nasze wyspecjalizowane zespo\u0142y zdaj\u0105 sobie spraw\u0119, jak istotna jest obecnie czysto\u015b\u0107 i dezynfekcja. Posiadamy odpowiedni sprz\u0119t i jeste\u015bmy gotowi zaoferowa\u0107 naszym klientom dodatkowe wsparcie w zakresie czyszczenia w ci\u0105gu nadchodz\u0105cych tygodni, kiedy b\u0119d\u0105 otwiera\u0107 swoje firmy po okresie przestoju.<\/p>\r\n<h3>Plan Ci\u0105g\u0142o\u015bci Dzia\u0142ania (BCP)<\/h3>\r\n<p>Aby firma mog\u0142a dalej funkcjonowa\u0107, elastyczno\u015b\u0107 w tym trudnym okresie jest niezb\u0119dna. Bior\u0105c to pod uwag\u0119, Zesp\u00f3\u0142 ds. Zarz\u0105dzania Ryzykiem i Zgodno\u015bci\u0105 we wsp\u00f3\u0142pracy z dzia\u0142em finansowym stworzy\u0142 szczeg\u00f3\u0142owy plan dzia\u0142ania w ramach istniej\u0105cego ju\u017c wcze\u015bniej w naszej firmie Planu Ci\u0105g\u0142o\u015bci Dzia\u0142ania (BCP). Zaktualizowane wytyczne maj\u0105 na celu pom\u00f3c nam przygotowa\u0107 si\u0119 i odpowiednio reagowa\u0107 na zmieniaj\u0105c\u0105 si\u0119 sytuacj\u0119.<\/p>\r\n<\/div>\r\n \r\n<\/div>\r\n<div class=\"row cont-sec\">\r\n    <div class=\"col-custm col-contn\">\r\n<h3>\u015aledzenie sytuacji na \u015bwiecie i w poszczeg\u00f3lnych krajach<\/h3>\r\n<p>W CCS rozumiemy, \u017ce mamy do czynienia z dynamicznie zmieniaj\u0105c\u0105 si\u0119 sytuacj\u0105. \u015aledzimy na bie\u017c\u0105co sytuacj\u0119 w poszczeg\u00f3lnych krajach i na \u015bwiecie. Jestemy gotowi do ci\u0105g\u0142ego dostosowywania si\u0119. Przestrzegamy przepis\u00f3w ochrony zdrowia publicznego, uchwalonych w ka\u017cdym kraju i b\u0119dziemy to kontynuowa\u0107 przez ca\u0142y okres trwania kryzysu.<\/p>\r\n<\/div>\r\n<div class=\"col-custm col-imge\"><img loading=\"lazy\" decoding=\"async\" width=\"665\" height=\"422\" src=\"https:\/\/ccscleaning.com\/nl\/wp-content\/uploads\/sites\/4\/2020\/05\/covid-19-office-cleaning-services.jpg\" alt=\"Covid-19 Office Cleaning Services\" class=\"alignright size-full wp-image-4576 img-fluid\" srcset=\"https:\/\/ccscleaning.com\/pl\/wp-content\/uploads\/sites\/6\/2020\/05\/covid-19-office-cleaning-services.jpg 665w, https:\/\/ccscleaning.com\/pl\/wp-content\/uploads\/sites\/6\/2020\/05\/covid-19-office-cleaning-services-300x190.jpg 300w\" sizes=\"auto, (max-width: 665px) 100vw, 665px\" \/><\/div>\r\n \r\n<\/div>\r\n<div class=\"row no-bg\">\r\n<div><a href=\"https:\/\/ccscleaning.com\/contact-us\/\"><img decoding=\"async\" src=\"https:\/\/ccscleaning.com\/nl\/wp-content\/uploads\/sites\/4\/2020\/08\/professional-disinfecting-services-1.jpg\" alt=\"Professional Disinfecting Services\" class=\"alignright size-full wp-image-4646 img-fluid\" \/><\/a><\/div>\r\n<\/div>\r\n<div class=\"row cont-sec\">\r\n<div class=\"col-custm col-contn\">\r\n<h3>Dbamy o bezpiecze\u0144stwo wszystkich<\/h3>\r\n<p>Ka\u017cdego dnia nasza ekipa kierownicza prowadzi zdalne spotkania w celu zapewnienia nieprzerwanej dzia\u0142alno\u015bci naszej firmy i mo\u017cliwo\u015bci ci\u0105g\u0142ego \u015bwiadczenia przez nas us\u0142ug utrzymania czysto\u015bci.<\/p>\r\n<p>Dba\u0142o\u015b\u0107 o bezpiecze\u0144stwo naszych pracownik\u00f3w, klient\u00f3w i spo\u0142ecze\u0144stwa jest dla nas priorytetem. Pracownicy CCS przeszli odpowiednie szkolenie BHP oraz przestrzegaj\u0105 zasad dotycz\u0105cych zachowania dystansu. Kompleksowe us\u0142ugi utrzymania czyto\u015bci s\u0105 kluczowe dla zapewnienia bezpiecze\u0144stwa. W zwi\u0105zku z tym CCS oferuje regularne us\u0142ugi sprz\u0105tania oraz okresowo zaplanowane us\u0142ugi czyszczenia kompleksowego.<\/p>\r\n<\/div>\r\n<div class=\"col-custm col-imge\"><img loading=\"lazy\" decoding=\"async\" width=\"475\" height=\"293\" src=\"https:\/\/ccscleaning.com\/nl\/wp-content\/uploads\/sites\/4\/2020\/05\/coronavirus-social-distancing-mat.jpg\" alt=\"Coronavirus Social Distancing Mat\" class=\"alignright size-full wp-image-4577 img-fluid\" srcset=\"https:\/\/ccscleaning.com\/pl\/wp-content\/uploads\/sites\/6\/2020\/05\/coronavirus-social-distancing-mat.jpg 475w, https:\/\/ccscleaning.com\/pl\/wp-content\/uploads\/sites\/6\/2020\/05\/coronavirus-social-distancing-mat-300x185.jpg 300w\" sizes=\"auto, (max-width: 475px) 100vw, 475px\" \/><\/div>\r\n<\/div>\r\n<div class=\"row cont-sec\">\r\n<div class=\"col-custm col-imge\"><img loading=\"lazy\" decoding=\"async\" width=\"665\" height=\"423\" src=\"https:\/\/ccscleaning.com\/nl\/wp-content\/uploads\/sites\/4\/2020\/05\/Team-Communication-COVID-19-Situation.jpg\" alt=\"Team Communication During COVID-19 Situation \" class=\"alignright size-full wp-image-4578 img-fluid\" srcset=\"https:\/\/ccscleaning.com\/pl\/wp-content\/uploads\/sites\/6\/2020\/05\/Team-Communication-COVID-19-Situation.jpg 665w, https:\/\/ccscleaning.com\/pl\/wp-content\/uploads\/sites\/6\/2020\/05\/Team-Communication-COVID-19-Situation-300x191.jpg 300w\" sizes=\"auto, (max-width: 665px) 100vw, 665px\" \/><\/div>\r\n<div class=\"col-custm col-contn\">\r\n<h3>Efektywna komunikacja<\/h3>\r\n<p>W CCS rozumiemy, \u017ce skuteczna komunikacja jest niezb\u0119dna w tak nadzwyczajnym czasie jakim jest pandemia. Chcemy, aby wszyscy nasi pracownicy i klienci mieli \u015bwiadomo\u015b\u0107 tego, jak dzia\u0142amy i jak reagujemy na COVID-19. Jeste\u015bmy dumni z naszej elastyczno\u015bci i b\u0119dziemy nadal dostosowywa\u0107 si\u0119 do zmieniaj\u0105cej si\u0119 sytuacji. W celu pozostania w sta\u0142ym, regularnym kontakcie z pracownikami wykorzystujemy wszelkie dost\u0119pne technologie; platformy komunikacyjne, e-maile i telefony kom\u00f3rkowe. Jeste\u015bmy w tym wszyscy razem.<\/p>\r\n<\/div>\r\n<\/div>\r\n<div class=\"row cont-sec\">\r\n<div class=\"col-custm col-contn\">\r\n<h3>Pozostajemy samowystarczalni<\/h3>\r\n<p>CCS nie ma problem\u00f3w w zakresie \u0142a\u0144cucha dostaw. Nasza wsp\u00f3\u0142praca ze sp\u00f3\u0142kami z naszej grupy oznacza, \u017ce jeste\u015bmy samowystarczalni i wyposa\u017ceni we wszelkiego rodzaju sprz\u0119t czyszcz\u0105cy i rozwi\u0105zania z zakresu utrzymania czysto\u015bci.<\/p>\r\n<h3>Skupiamy si\u0119 na klientach<\/h3>\r\n<p>Nasta\u0142 trudny czas dla ka\u017cdego i dlatego rozumiemy, \u017ce potrzeby klient\u00f3w mog\u0105 si\u0119 zmienia\u0107. Jeste\u015bmy dumni z faktu, \u017ce pracownicy CCS s\u0105 w stanie dostosowa\u0107 si\u0119 do zmieniaj\u0105cych si\u0119 wymaga\u0144 naszych klient\u00f3w. Zespo\u0142y CCS b\u0119d\u0105 wspiera\u0107 twoj\u0105 firm\u0119 w obecnym okresie przystosowywania si\u0119 do nowych warunk\u00f3w.<\/p>\r\n<\/div>\r\n<div class=\"col-custm col-imge\"><img loading=\"lazy\" decoding=\"async\" width=\"475\" height=\"343\" src=\"https:\/\/ccscleaning.com\/nl\/wp-content\/uploads\/sites\/4\/2020\/05\/cleaning-equipment-and-solutions.jpg\" alt=\"Cleaning Equipment and Solutions\" class=\"alignright size-full wp-image-4579 img-fluid\" srcset=\"https:\/\/ccscleaning.com\/pl\/wp-content\/uploads\/sites\/6\/2020\/05\/cleaning-equipment-and-solutions.jpg 475w, https:\/\/ccscleaning.com\/pl\/wp-content\/uploads\/sites\/6\/2020\/05\/cleaning-equipment-and-solutions-300x217.jpg 300w\" sizes=\"auto, (max-width: 475px) 100vw, 475px\" \/><\/div>\r\n<\/div>\r\n<\/div>\r\n<\/div>\r\n<\/div>\r\n<\/div>","protected":false},"excerpt":{"rendered":"<p>Jak CCS reaguje na COVID 19 Od momentu wybuchu pandemii spos\u00f3b prowadzenia naszej dzia\u0142alno\u015bci uleg\u0142 du\u017cej zmianie. Priorytetem sta\u0142a si\u0119 ochrona naszych pracownik\u00f3w, klient\u00f3w i ca\u0142ego spo\u0142ecze\u0144stwa. Kierujemy si\u0119 wytycznymi \u015awiatowej Organizacji Zdrowia oraz przestrzegamy nowych przepis\u00f3w w ka\u017cdym z kraj\u00f3w, w kt\u00f3rych dzia\u0142amy. Trwaj\u0105ca pandemia jeszcze bardziej u\u015bwiadomi\u0142a nam, jak wa\u017cna jest wsp\u00f3\u0142praca i&#8230;  <a href=\"https:\/\/ccscleaning.com\/pl\/covid-19-cleaning-services\/\" class=\"more-link\" title=\"Read COVID 19\">Read more &raquo;<\/a><\/p>\n","protected":false},"author":1,"featured_media":4572,"parent":0,"menu_order":0,"comment_status":"closed","ping_status":"closed","template":"","meta":{"footnotes":""},"class_list":["post-4501","page","type-page","status-publish","has-post-thumbnail","hentry"],"yoast_head":"<!-- This site is optimized with the Yoast SEO plugin v27.1.1 - https:\/\/yoast.com\/product\/yoast-seo-wordpress\/ -->\n<title>Profesjonalna Covid-19 firma dezynfekuj\u0105ca | Sprz\u0105tanie Dezynfekcje Koronawirus<\/title>\n<meta name=\"description\" content=\"CCS Cleaning oferuje coronavirus Us\u0142ugi g\u0142\u0119bokiego czyszczenia dla biura i bran\u017ce. skontaktuj nami dzi\u015b dla covid-19 dezynfekcja us\u0142uga.\" \/>\n<meta name=\"robots\" content=\"index, follow, max-snippet:-1, max-image-preview:large, max-video-preview:-1\" \/>\n<link rel=\"canonical\" href=\"https:\/\/ccscleaning.com\/pl\/covid-19-cleaning-services\/\" \/>\n<meta property=\"og:locale\" content=\"pl_PL\" \/>\n<meta property=\"og:type\" content=\"article\" \/>\n<meta property=\"og:title\" content=\"Profesjonalna Covid-19 firma dezynfekuj\u0105ca | Sprz\u0105tanie Dezynfekcje Koronawirus\" \/>\n<meta property=\"og:description\" content=\"CCS Cleaning oferuje coronavirus Us\u0142ugi g\u0142\u0119bokiego czyszczenia dla biura i bran\u017ce. skontaktuj nami dzi\u015b dla covid-19 dezynfekcja us\u0142uga.\" \/>\n<meta property=\"og:url\" content=\"https:\/\/ccscleaning.com\/pl\/covid-19-cleaning-services\/\" \/>\n<meta property=\"og:site_name\" content=\"CCS Cleaning Poland\" \/>\n<meta property=\"article:modified_time\" content=\"2025-08-19T08:10:22+00:00\" \/>\n<meta property=\"og:image\" content=\"https:\/\/ccscleaning.com\/pl\/wp-content\/uploads\/sites\/6\/2020\/05\/coronavirus-cleaning-services.png\" \/>\n\t<meta property=\"og:image:width\" content=\"1366\" \/>\n\t<meta property=\"og:image:height\" content=\"360\" \/>\n\t<meta property=\"og:image:type\" content=\"image\/png\" \/>\n<meta name=\"twitter:card\" content=\"summary_large_image\" \/>\n<meta name=\"twitter:label1\" content=\"Est. reading time\" \/>\n\t<meta name=\"twitter:data1\" content=\"6 minut\" \/>\n<!-- \/ Yoast SEO plugin. -->","yoast_head_json":{"title":"Profesjonalna Covid-19 firma dezynfekuj\u0105ca | Sprz\u0105tanie Dezynfekcje Koronawirus","description":"CCS Cleaning oferuje coronavirus Us\u0142ugi g\u0142\u0119bokiego czyszczenia dla biura i bran\u017ce. skontaktuj nami dzi\u015b dla covid-19 dezynfekcja us\u0142uga.","robots":{"index":"index","follow":"follow","max-snippet":"max-snippet:-1","max-image-preview":"max-image-preview:large","max-video-preview":"max-video-preview:-1"},"canonical":"https:\/\/ccscleaning.com\/pl\/covid-19-cleaning-services\/","og_locale":"pl_PL","og_type":"article","og_title":"Profesjonalna Covid-19 firma dezynfekuj\u0105ca | Sprz\u0105tanie Dezynfekcje Koronawirus","og_description":"CCS Cleaning oferuje coronavirus Us\u0142ugi g\u0142\u0119bokiego czyszczenia dla biura i bran\u017ce. skontaktuj nami dzi\u015b dla covid-19 dezynfekcja us\u0142uga.","og_url":"https:\/\/ccscleaning.com\/pl\/covid-19-cleaning-services\/","og_site_name":"CCS Cleaning Poland","article_modified_time":"2025-08-19T08:10:22+00:00","og_image":[{"width":1366,"height":360,"url":"https:\/\/ccscleaning.com\/pl\/wp-content\/uploads\/sites\/6\/2020\/05\/coronavirus-cleaning-services.png","type":"image\/png"}],"twitter_card":"summary_large_image","twitter_misc":{"Est. reading time":"6 minut"},"schema":{"@context":"https:\/\/schema.org","@graph":[{"@type":"WebPage","@id":"https:\/\/ccscleaning.com\/pl\/covid-19-cleaning-services\/","url":"https:\/\/ccscleaning.com\/pl\/covid-19-cleaning-services\/","name":"Profesjonalna Covid-19 firma dezynfekuj\u0105ca | Sprz\u0105tanie Dezynfekcje Koronawirus","isPartOf":{"@id":"https:\/\/ccscleaning.com\/pl\/#website"},"primaryImageOfPage":{"@id":"https:\/\/ccscleaning.com\/pl\/covid-19-cleaning-services\/#primaryimage"},"image":{"@id":"https:\/\/ccscleaning.com\/pl\/covid-19-cleaning-services\/#primaryimage"},"thumbnailUrl":"https:\/\/ccscleaning.com\/pl\/wp-content\/uploads\/sites\/6\/2020\/05\/coronavirus-cleaning-services.png","datePublished":"2020-04-30T13:35:44+00:00","dateModified":"2025-08-19T08:10:22+00:00","description":"CCS Cleaning oferuje coronavirus Us\u0142ugi g\u0142\u0119bokiego czyszczenia dla biura i bran\u017ce. skontaktuj nami dzi\u015b dla covid-19 dezynfekcja us\u0142uga.","breadcrumb":{"@id":"https:\/\/ccscleaning.com\/pl\/covid-19-cleaning-services\/#breadcrumb"},"inLanguage":"pl-PL","potentialAction":[{"@type":"ReadAction","target":["https:\/\/ccscleaning.com\/pl\/covid-19-cleaning-services\/"]}]},{"@type":"ImageObject","inLanguage":"pl-PL","@id":"https:\/\/ccscleaning.com\/pl\/covid-19-cleaning-services\/#primaryimage","url":"https:\/\/ccscleaning.com\/pl\/wp-content\/uploads\/sites\/6\/2020\/05\/coronavirus-cleaning-services.png","contentUrl":"https:\/\/ccscleaning.com\/pl\/wp-content\/uploads\/sites\/6\/2020\/05\/coronavirus-cleaning-services.png","width":1366,"height":360,"caption":"Coronavirus Deep Cleaning Services"},{"@type":"BreadcrumbList","@id":"https:\/\/ccscleaning.com\/pl\/covid-19-cleaning-services\/#breadcrumb","itemListElement":[{"@type":"ListItem","position":1,"name":"Strona g\u0142\u00f3wna","item":"https:\/\/ccscleaning.com\/pl\/"},{"@type":"ListItem","position":2,"name":"COVID 19"}]},{"@type":"WebSite","@id":"https:\/\/ccscleaning.com\/pl\/#website","url":"https:\/\/ccscleaning.com\/pl\/","name":"CCS Cleaning Poland","description":"","potentialAction":[{"@type":"SearchAction","target":{"@type":"EntryPoint","urlTemplate":"https:\/\/ccscleaning.com\/pl\/?s={search_term_string}"},"query-input":{"@type":"PropertyValueSpecification","valueRequired":true,"valueName":"search_term_string"}}],"inLanguage":"pl-PL"}]}},"acf":[],"_links":{"self":[{"href":"https:\/\/ccscleaning.com\/pl\/wp-json\/wp\/v2\/pages\/4501","targetHints":{"allow":["GET"]}}],"collection":[{"href":"https:\/\/ccscleaning.com\/pl\/wp-json\/wp\/v2\/pages"}],"about":[{"href":"https:\/\/ccscleaning.com\/pl\/wp-json\/wp\/v2\/types\/page"}],"author":[{"embeddable":true,"href":"https:\/\/ccscleaning.com\/pl\/wp-json\/wp\/v2\/users\/1"}],"replies":[{"embeddable":true,"href":"https:\/\/ccscleaning.com\/pl\/wp-json\/wp\/v2\/comments?post=4501"}],"version-history":[{"count":5,"href":"https:\/\/ccscleaning.com\/pl\/wp-json\/wp\/v2\/pages\/4501\/revisions"}],"predecessor-version":[{"id":7216,"href":"https:\/\/ccscleaning.com\/pl\/wp-json\/wp\/v2\/pages\/4501\/revisions\/7216"}],"wp:featuredmedia":[{"embeddable":true,"href":"https:\/\/ccscleaning.com\/pl\/wp-json\/wp\/v2\/media\/4572"}],"wp:attachment":[{"href":"https:\/\/ccscleaning.com\/pl\/wp-json\/wp\/v2\/media?parent=4501"}],"curies":[{"name":"wp","href":"https:\/\/api.w.org\/{rel}","templated":true}]}}