{"id":6964,"date":"2025-03-21T13:33:23","date_gmt":"2025-03-21T13:33:23","guid":{"rendered":"https:\/\/ccscleaning.com\/pl\/?page_id=6964"},"modified":"2025-09-15T07:51:43","modified_gmt":"2025-09-15T07:51:43","slug":"hospitality-cleaning-services","status":"publish","type":"page","link":"https:\/\/ccscleaning.com\/pl\/hospitality-cleaning-services\/","title":{"rendered":"Hospitality Cleaning Services"},"content":{"rendered":"<div class=\"container-fluid inner-banner-wrap\">\r\n<div class=\"row\">\r\n<img decoding=\"async\" src=\"\/wp-content\/uploads\/2023\/03\/hospitality-sector-cleaning-services.jpg\" \r\nclass=\"img-fluid\" alt=\"Retail Cleaning Services\">\r\n<div class=\"inner-banner-cont\">\r\n<div class=\"container\">\r\n<div class=\"row\">\r\n<div class=\"col-lg-6\">\r\n<div class=\"inner-banner-left-content\">\r\n<h1>Us\u0142ugi sprz\u0105tania sektora Hotelarskiego<\/h1>\r\n<p>Niezwykle czysta i higieniczna przestrze\u0144 przyci\u0105ga, wita i satysfakcjonuje go\u015bci. Wybierz CCS do codziennego sprz\u0105tania obiekt\u00f3w hotelarskich.<\/p>\r\n<\/div>\r\n<\/div>\r\n<div class=\"col-lg-6\">\r\n<div class=\"banner-contact\">\r\n<h3>CONTACT US<\/h3>\r\n                          <script charset=\"utf-8\" type=\"text\/javascript\" src=\"\/\/js.hsforms.net\/forms\/embed\/v2.js\"><\/script>\r\n                            <script>\r\n                            hbspt.forms.create({\r\n                            region: \"na1\",\r\n                            portalId: \"3350986\",\r\n                            formId: \"453eff4c-67ec-4e74-80f9-90e0287dbb28\"\r\n                            });\r\n                            <\/script>\t\t\r\n<\/div>\r\n<\/div>\r\n<div class=\"clearfix\"><\/div>\r\n<\/div>\r\n<\/div>\r\n<\/div>\r\n<\/div>\r\n<\/div>\r\n<section class=\"client-logos padbottom0\">\r\n<div class=\"container\">\r\n<div class=\"row\">\r\n<div class=\"owl-carousel owl-theme\">\r\n<div class=\"item\">\r\n<img decoding=\"async\" src=\"https:\/\/ccscleaning.com\/wp-content\/uploads\/2021\/04\/cbre.jpg\" alt=\"\">              \r\n<\/div>\r\n<div class=\"item\">\r\n<img decoding=\"async\" src=\"https:\/\/ccscleaning.com\/wp-content\/uploads\/2021\/04\/aramark.jpg\" alt=\"\">\r\n<\/div>\r\n<div class=\"item\">\r\n<img decoding=\"async\" src=\"https:\/\/ccscleaning.com\/wp-content\/uploads\/2021\/04\/akor.jpg\" alt=\"\">\r\n<\/div>\r\n<div class=\"item\">\r\n<img decoding=\"async\" src=\"https:\/\/ccscleaning.com\/wp-content\/uploads\/2021\/04\/converse.jpg\" alt=\"\">\r\n<\/div>\r\n<div class=\"item\">\r\n<img decoding=\"async\" src=\"https:\/\/ccscleaning.com\/wp-content\/uploads\/2021\/04\/dsv.jpg\" alt=\"\">\r\n<\/div>\r\n<div class=\"item\">\r\n<img decoding=\"async\" src=\"https:\/\/ccscleaning.com\/wp-content\/uploads\/2021\/04\/mercury.jpg\" alt=\"\">\r\n<\/div>\r\n<div class=\"item\">\r\n<img decoding=\"async\" src=\"https:\/\/ccscleaning.com\/wp-content\/uploads\/2021\/04\/wework.jpg\" alt=\"\">\r\n<\/div>\r\n<div class=\"item\">\r\n<img decoding=\"async\" src=\"https:\/\/ccscleaning.com\/wp-content\/uploads\/2021\/05\/de-bijenkorf.jpg\" alt=\"\">\r\n<\/div>\r\n<div class=\"item\">\r\n<img decoding=\"async\" src=\"https:\/\/ccscleaning.com\/wp-content\/uploads\/2021\/05\/hm.jpg\" alt=\"\">\r\n<\/div>\r\n<div class=\"item\">\r\n<img decoding=\"async\" src=\"https:\/\/ccscleaning.com\/wp-content\/uploads\/2021\/05\/irish-foreign-affairs.jpg\" alt=\"\">\r\n<\/div>\r\n<div class=\"item\">\r\n<img decoding=\"async\" src=\"https:\/\/ccscleaning.com\/wp-content\/uploads\/2021\/05\/mace.jpg\" alt=\"\">\r\n<\/div>\r\n<div class=\"item\">\r\n<img decoding=\"async\" src=\"https:\/\/ccscleaning.com\/wp-content\/uploads\/2021\/05\/super-dry.jpg\" alt=\"\">\r\n<\/div>          \r\n<div class=\"item\">\r\n<img decoding=\"async\" src=\"https:\/\/ccscleaning.com\/wp-content\/uploads\/2021\/05\/transfer.jpg\" alt=\"\">\r\n<\/div>\r\n<div class=\"item\">\r\n<img decoding=\"async\" src=\"https:\/\/ccscleaning.com\/wp-content\/uploads\/2021\/05\/under-armour.jpg\" alt=\"\">\r\n<\/div>\r\n<div class=\"item\">\r\n<img decoding=\"async\" src=\"https:\/\/ccscleaning.com\/wp-content\/uploads\/2021\/05\/visma.jpg\" alt=\"\">\r\n<\/div>\r\n<div class=\"item\">\r\n<img decoding=\"async\" src=\"https:\/\/ccscleaning.com\/wp-content\/uploads\/2021\/05\/argos.jpg\" alt=\"\">\r\n<\/div>\r\n<div class=\"item\">\r\n<img decoding=\"async\" src=\"https:\/\/ccscleaning.com\/wp-content\/uploads\/2021\/05\/homebase.jpg\" alt=\"\">\r\n<\/div>\r\n<div class=\"item\">\r\n<img decoding=\"async\" src=\"https:\/\/ccscleaning.com\/wp-content\/uploads\/2021\/05\/primark.jpg\" alt=\"\">\r\n<\/div>\r\n<\/div>\r\n<\/div>\r\n<\/div>\r\n<\/section>\r\n<section class=\"welcome-ccs\">\r\n<div class=\"container\">\r\n<div class=\"row\">\r\n<div class=\"col-lg-8 col-sm-6 col-xs-12\">\r\n<h2>Us\u0142ugi sprz\u0105tania dla bran\u017cy hotelarsko-gastronomicznej udoskonalone dzi\u0119ki po\u0142\u0105czeniu do\u015bwiadczenia i umiej\u0119tno\u015bci w celu zapewnienia wydajnej, skutecznej i ukierunkowanej na wyniki dostawy<\/h2>\r\n<p>Dla CCS sektor hotelarski jest jednym z najbardziej op\u0142acalnych sektor\u00f3w do sprz\u0105tania. Cieszymy si\u0119, \u017ce mo\u017cemy pozytywnie wp\u0142ywa\u0107 na wra\u017cenia go\u015bci i pomaga\u0107, aby ich pobyt by\u0142 niezapomniany z w\u0142a\u015bciwych powod\u00f3w.<\/p>\r\n\r\n<p>Nasze entuzjastyczne i niezawodne zespo\u0142y rozumiej\u0105, jak wa\u017cne jest tworzenie ciep\u0142ych powita\u0144 w tym sektorze. Posiadamy wiedz\u0119 i do\u015bwiadczenie, aby zapewni\u0107 sp\u00f3jn\u0105, profesjonaln\u0105 us\u0142ug\u0119 sprz\u0105tania hoteli.<\/p>\r\n\r\n<p>Ponad pi\u0119\u0107 dekad w bran\u017cy, obs\u0142uguj\u0105c czo\u0142owe lokalne i globalne sieci hotelowe, wyposa\u017ca nas we wszystkie elementy wymagane do zapewnienia najwy\u017cszych standard\u00f3w sprz\u0105tania. Zaufaj nam, je\u015bli chodzi o wymagania dotycz\u0105ce sprz\u0105tania hotelu.<\/p>\r\n<div class=\"btn-sec\">\r\n<a href=\"https:\/\/ccscleaning.com\/retail-cleaning-case-study\/\" class=\"cta-btn\">RETAIL CLEANING CASE STUDY<\/a>\r\n<a href=\"https:\/\/ccscleaning.com\/contact-us\/\" class=\"btns-link\">CONTACT US TODAY<\/a>\r\n<\/div>\r\n<\/div>\r\n<div class=\"col-lg-4 col-sm-6 col-xs-12\">\r\n<div class=\"welcome-vdo\">\r\n<!--<iframe src=\"https:\/\/www.youtube.com\/embed\/BziUHZ7kSXw?controls=0\" title=\"YouTube video player\" frameborder=\"0\" allow=\"accelerometer; autoplay; clipboard-write; encrypted-media; gyroscope; picture-in-picture\" allowfullscreen><\/iframe>-->\r\n<iframe src=\"\/\/player.vimeo.com\/video\/547506670?title=0&#038;byline=0\" frameborder=\"0\" webkitallowfullscreen mozallowfullscreen allowfullscreen><\/iframe>\r\n\r\n<\/div>\r\n<ul class=\"checklist\">\r\n<li>Specialist cleans and regular contract cleans<\/li>\r\n<li>Rapid mobilisation times<\/li>\r\n<li>Personal point of contact<\/li>\r\n<li>Full on-site service management<\/li>\r\n<li>Bespoke cleaning solutions<\/li>\r\n<\/ul>\r\n<\/div>\r\n<\/div>\r\n<\/div>\r\n<\/section>\r\n<section class=\"key-points-wrap\">\r\n<div class=\"container\">\r\n<div class=\"row\">\r\n<ul>\r\n<li><img decoding=\"async\" src=\"https:\/\/ccscleaning.com\/wp-content\/uploads\/2021\/05\/keypoint1.png\"\/> QUALITY CONTROL CHECK<\/li>\r\n<li><img decoding=\"async\" src=\"https:\/\/ccscleaning.com\/wp-content\/uploads\/2021\/05\/keypoint2.png\"\/> AT A FIXED PRICE<\/li>\r\n<li><img decoding=\"async\" src=\"https:\/\/ccscleaning.com\/wp-content\/uploads\/2021\/05\/keypoint3.png\"\/> AT THE DESIRED DATE<\/li>\r\n<li><img decoding=\"async\" src=\"https:\/\/ccscleaning.com\/wp-content\/uploads\/2021\/05\/keypoint4.png\"\/> WE PROVIDE THE MATERIAL<\/li>\r\n<li><img decoding=\"async\" src=\"https:\/\/ccscleaning.com\/wp-content\/uploads\/2021\/05\/keypoint5.png\"\/> NO TRAVEL COST<\/li>\r\n<\/ul>\r\n<\/div>\r\n<\/div>\r\n<\/section>\r\n<section class=\"top-features-wrap\">\r\n<div class=\"top-features-head\">\r\n<h2>Cztery Kamienie W\u0119gielne<\/h2>\r\n<p><\/p>\r\n<\/div>\r\n<div class=\"top-features-sec\">\r\n<div class=\"container\">\r\n<div class=\"row\">\r\n<fieldset class=\"col-lg-6 col-md-6 col-sm-6 col-xs-12 pos-rel\">\r\n<img decoding=\"async\" src=\"https:\/\/ccscleaning.com\/wp-content\/uploads\/2023\/09\/Your-Destination.jpg\"\/>\r\n<div class=\"features-block-cont\">\r\n<h3>Twoje Przeznaczenie<\/h3>\r\n<p>Niezawodna us\u0142uga sprz\u0105tania hotelu jest niezb\u0119dna do utrzymania i podniesienia poziomu Twojej go\u015bcinno\u015bci. Czysto\u015b\u0107 jest wysoko na li\u015bcie priorytet\u00f3w go\u015bci i przyczynia si\u0119 do og\u00f3lnego zadowolenia z pobytu. Nasze zespo\u0142y pracuj\u0105 sprawnie i profesjonalnie, aby Twoje lokale by\u0142y przyjazne, czyste i przyjemne, bez wzgl\u0119du na okoliczno\u015bci.<\/p>\r\n<\/div>\r\n<\/fieldset>\r\n<fieldset class=\"col-lg-6 col-md-6 col-sm-6 col-xs-12 pos-rel\">\r\n<img decoding=\"async\" src=\"https:\/\/ccscleaning.com\/wp-content\/uploads\/2023\/09\/Shared-Customer-3.jpg\"\/>\r\n<div class=\"features-block-cont\">\r\n<h3>Wsp\u00f3lny Klient<\/h3>\r\n<p>Kiedy sprz\u0105tamy, mamy przed oczami dw\u00f3ch klient\u00f3w, Ciebie i, co r\u00f3wnie wa\u017cne, Twoich klient\u00f3w. Przekonasz si\u0119, \u017ce cz\u0142onkowie naszego zespo\u0142u s\u0105 pasjonatami i entuzjastycznie nastawieni do pomocy Tobie i Twoim klientom. Jako wiod\u0105ca komercyjna firma sprz\u0105taj\u0105ca, CCS b\u0119dzie wsp\u00f3\u0142pracowa\u0107 z Tob\u0105 w celu stworzenia indywidualnego programu sprz\u0105tania, kt\u00f3ry b\u0119dzie odpowiedni dla wszystkich.\r\n<\/p>\r\n<\/div>\r\n<\/fieldset>\r\n<fieldset class=\"col-lg-6 col-md-6 col-sm-6 col-xs-12 pos-rel\">\r\n<img decoding=\"async\" src=\"https:\/\/ccscleaning.com\/wp-content\/uploads\/2023\/09\/Adaptability.jpg\"\/>\r\n<div class=\"features-block-cont\">\r\n<h3>Zdolno\u015b\u0107 Adaptacji<\/h3>\r\n<p>Zdolno\u015b\u0107 adaptacji ma kluczowe znaczenie w sektorze hotelarskim; w ko\u0144cu wahania spowodowane mi\u0119dzy innymi sezonowo\u015bci\u0105 s\u0105 nieod\u0142\u0105czn\u0105 cz\u0119\u015bci\u0105 bran\u017cy. Nasze zespo\u0142y s\u0105 sprawne i zapewni\u0105 ten sam najwy\u017cszy poziom us\u0142ug sprz\u0105tania obiekt\u00f3w komercyjnych, bez wzgl\u0119du na to, ile pokoi lub obszar\u00f3w obs\u0142uguj\u0105 w danym dniu.\r\n<\/p>\r\n<\/div>\r\n<\/fieldset>\r\n<fieldset class=\"col-lg-6 col-md-6 col-sm-6 col-xs-12 pos-rel\">\r\n<img decoding=\"async\" src=\"https:\/\/ccscleaning.com\/wp-content\/uploads\/2023\/09\/Discreet-Conscientious.jpg\"\/>\r\n<div class=\"features-block-cont\">\r\n<h3>Dyskretny i Sumienny<\/h3>\r\n<p>CCS chce mie\u0107 pewno\u015b\u0107, \u017ce Twoi go\u015bcie czuj\u0105 si\u0119 komfortowo i s\u0105 zrelaksowani. Dlatego przekonasz si\u0119, \u017ce nasze ekipy sprz\u0105taj\u0105ce s\u0105 dyskretne i sumienne. Naszym priorytetem jest u\u017cywanie nieinwazyjnych \u015brodk\u00f3w czyszcz\u0105cych i sprz\u0119tu, kt\u00f3re s\u0105 zr\u00f3wnowa\u017cone i lepsze dla ludzi i planety.<\/p>\r\n<p>Cz\u0142onkowie naszego zespo\u0142u s\u0105 troskliwi dla Twoich go\u015bci, a jednocze\u015bnie gotowi zaoferowa\u0107 pomocn\u0105 d\u0142o\u0144 w razie potrzeby.<\/p>\r\n<\/div>\r\n<\/fieldset>\r\n<div class=\"clearfix\"><\/div>\r\n<div><a class=\"btns-link\" href=\"https:\/\/ccscleaning.com\/contact-us\/\">CONTACT US TODAY<\/a><\/div>\r\n<\/div>\r\n<\/div>\r\n<\/div>\r\n<\/section>\r\n\r\n\r\n<section class=\"why-choose-us-wraper\">\r\n<div class=\"container\">\r\n<div class=\"row\">\r\n<div class=\"col-lg-6 col-sm-6 col-xs-12 left-cont\">\r\n<h2>Why Choose Us?<\/h2>\r\n<ul class=\"checklist\">\r\n<li>Over 50 years of experience and vast industry knowledge allowing us to deliver exceptional service.<\/li>\r\n<li>Trained and certified cleaning teams who deliver amazing cleaning results!<\/li>\r\n<li>Our cleaning services kill harmful germs and viruses, making your building healthier.<\/li>\r\n<li>We\u2019re adaptable and listen to our customers.<\/li>\r\n<li>Our service is consistent and improves our customers workplaces.<\/li>\r\n<li>We\u2019re competitive offering transparent and affordable pricing for commercial cleaning results.<\/li>\r\n<\/ul>\r\n<\/div>\r\n<div class=\"col-lg-6 col-sm-6 col-xs-12 right-cont pos-rel\">\r\n<img decoding=\"async\" src=\"https:\/\/ccscleaning.com\/wp-content\/uploads\/2021\/06\/team-ccs.jpg\"\/>\r\n<div class=\"our-people-sec\">\r\n<h3>OUR PEOPLE<\/h3>\r\n<p>Being a family business means that strong and positive relationships are so important to us. CCS never forget that it\u2019s our people who make us. We train, support and mentor every single person that comes to work with us and promote an egalitarian culture.<\/p>\r\n<\/div>\r\n<div><a href=\"https:\/\/ccscleaning.com\/smart-team\/\" class=\"btns-link\">READ MORE<\/a><\/div>\r\n<\/div>\r\n<div class=\"clearfix\"><\/div>\r\n<\/div>\r\n<\/div>\r\n<\/section>\r\n<section class=\"certification-wraper\">\r\n<div class=\"container\">\r\n<div class=\"row\">\r\n<h2><span>Certifications<\/span><\/h2>\r\n<div class=\"clients-pic\">\r\n<div class=\"showdesktop\">\r\n\t<a href=\"https:\/\/www.sgs.com\/en\/certified-clients-and-products\/certified-client-directory\" target=\"_blank\" rel=\"noopener\"><img decoding=\"async\" src=\"https:\/\/ccscleaning.com\/wp-content\/uploads\/2023\/06\/clients-pic.jpg\"><\/a>\r\n<\/div>\r\n<div class=\"showmobile\">\r\n\t<a href=\"https:\/\/www.sgs.com\/en\/certified-clients-and-products\/certified-client-directory\" target=\"_blank\" rel=\"nofollow noopener\"><img decoding=\"async\" src=\"https:\/\/ccscleaning.com\/wp-content\/uploads\/2023\/09\/certification-mob.jpg\" alt=\"CCS cleaning Certifications\"><\/a>\r\n<\/div>\r\n<\/div>\r\n<\/div>\r\n<\/div>\r\n<\/section>\r\n<section class=\"othr-srvc-block\">\r\n<h2>OTHER SERVICES<\/h2>\r\n<div class=\"container\">\r\n<div class=\"row\">\r\n<div class=\"othr-srvc-sec\">\r\n<div class=\"frst\">\r\n<img decoding=\"async\" src=\"https:\/\/ccscleaning.com\/wp-content\/uploads\/2021\/06\/OC.png\"\/>\r\n<div class=\"bubble\"><p><a href=\"https:\/\/ccscleaning.com\/office-cleaning-services\/\" >Office Cleaning<\/a><\/p><\/div>\r\n<\/div>\r\n<div class=\"scnd\">\r\n<img decoding=\"async\" src=\"https:\/\/ccscleaning.com\/wp-content\/uploads\/2021\/05\/othr-srvc2.png\"\/>\r\n<div class=\"bubble\"><p><a href=\"https:\/\/ccscleaning.com\/industrial-cleaning-services\/\">Industrial Cleaning<\/a><\/p><\/div>\r\n<\/div>\r\n<div class=\"thrd\">\r\n<img decoding=\"async\" src=\"https:\/\/ccscleaning.com\/wp-content\/uploads\/2021\/05\/othr-srvc3.png\"\/>\r\n<div class=\"bubble\"><p><a href=\"https:\/\/ccscleaning.com\/commercial-cleaning-services\/\">Commercial Cleaning<\/a><\/p><\/div>\r\n<\/div>\r\n<div class=\"frth\">\r\n<img decoding=\"async\" src=\"https:\/\/ccscleaning.com\/wp-content\/uploads\/2021\/06\/DC.png\"\/>\r\n<div class=\"bubble\"><p><a href=\"https:\/\/ccscleaning.com\/data-centre-cleaning-services\/\">Data Center Cleaning<\/a><\/p><\/div>\r\n<\/div>\r\n<\/div>\r\n<\/div>\r\n<\/div>\r\n<\/section>\r\n<section class=\"histry mbottom0 mtop30\">\r\n<div class=\"container\">\r\n<div class=\"row\">\r\n<div class=\"col-lg-4 col-sm-4 col-xs-4 busyears\">\r\n<strong>50<\/strong>\r\n<p>YEARS <b>IN<\/b><br>BUSINESS<\/p>\r\n<\/div>\r\n<div class=\"col-lg-4 col-sm-4 col-xs-4 projects\">\r\n<strong>4800<\/strong>\r\n<p>Projects<\/p>\r\n<\/div>\r\n<div class=\"col-lg-4 col-sm-4 col-xs-4 happyclients\">\r\n<div class=\"innerdiv\">\r\n<strong>100<small>s<\/small><\/strong>\r\n<p>OF <b>HAPPY<\/b><br>CLIENTS<\/p>\r\n<\/div>\r\n<\/div>\r\n<\/div>\r\n<\/div>\r\n<\/section>","protected":false},"excerpt":{"rendered":"<p>Us\u0142ugi sprz\u0105tania sektora Hotelarskiego Niezwykle czysta i higieniczna przestrze\u0144 przyci\u0105ga, wita i satysfakcjonuje go\u015bci. Wybierz CCS do codziennego sprz\u0105tania obiekt\u00f3w hotelarskich. CONTACT US Us\u0142ugi sprz\u0105tania dla bran\u017cy hotelarsko-gastronomicznej udoskonalone dzi\u0119ki po\u0142\u0105czeniu do\u015bwiadczenia i umiej\u0119tno\u015bci w celu zapewnienia wydajnej, skutecznej i ukierunkowanej na wyniki dostawy Dla CCS sektor hotelarski jest jednym z najbardziej op\u0142acalnych sektor\u00f3w do&#8230;  <a href=\"https:\/\/ccscleaning.com\/pl\/hospitality-cleaning-services\/\" class=\"more-link\" title=\"Read Hospitality Cleaning Services\">Read more &raquo;<\/a><\/p>\n","protected":false},"author":1,"featured_media":0,"parent":0,"menu_order":0,"comment_status":"closed","ping_status":"closed","template":"page-templates\/page-sector.php","meta":{"footnotes":""},"class_list":["post-6964","page","type-page","status-publish","hentry"],"yoast_head":"<!-- This site is optimized with the Yoast SEO plugin v27.1.1 - https:\/\/yoast.com\/product\/yoast-seo-wordpress\/ -->\n<title>Sprz\u0105tanie Hotelarskie | Us\u0142ugi Sprz\u0105tania Hoteli | CCS<\/title>\n<meta name=\"description\" content=\"CCS \u015bwiadczy us\u0142ugi sprz\u0105tania hoteli \u2014 od sprz\u0105tania hoteli po centra rekreacji, si\u0142ownie, afterparty, o\u015brodki wypoczynkowe, bary i us\u0142ugi sprz\u0105tania pub\u00f3w. Skonsultuj si\u0119 ju\u017c dzi\u015b!\" \/>\n<meta name=\"robots\" content=\"index, follow, max-snippet:-1, max-image-preview:large, max-video-preview:-1\" \/>\n<link rel=\"canonical\" href=\"https:\/\/ccscleaning.com\/pl\/hospitality-cleaning-services\/\" \/>\n<meta property=\"og:locale\" content=\"pl_PL\" \/>\n<meta property=\"og:type\" content=\"article\" \/>\n<meta property=\"og:title\" content=\"Sprz\u0105tanie Hotelarskie | Us\u0142ugi Sprz\u0105tania Hoteli | CCS\" \/>\n<meta property=\"og:description\" content=\"CCS \u015bwiadczy us\u0142ugi sprz\u0105tania hoteli \u2014 od sprz\u0105tania hoteli po centra rekreacji, si\u0142ownie, afterparty, o\u015brodki wypoczynkowe, bary i us\u0142ugi sprz\u0105tania pub\u00f3w. Skonsultuj si\u0119 ju\u017c dzi\u015b!\" \/>\n<meta property=\"og:url\" content=\"https:\/\/ccscleaning.com\/pl\/hospitality-cleaning-services\/\" \/>\n<meta property=\"og:site_name\" content=\"CCS Cleaning Poland\" \/>\n<meta property=\"article:modified_time\" content=\"2025-09-15T07:51:43+00:00\" \/>\n<meta property=\"og:image\" content=\"https:\/\/ccscleaning.com\/wp-content\/uploads\/2021\/04\/cbre.jpg\" \/>\n<meta name=\"twitter:card\" content=\"summary_large_image\" \/>\n<meta name=\"twitter:label1\" content=\"Est. reading time\" \/>\n\t<meta name=\"twitter:data1\" content=\"11 minut\" \/>\n<!-- \/ Yoast SEO plugin. -->","yoast_head_json":{"title":"Sprz\u0105tanie Hotelarskie | Us\u0142ugi Sprz\u0105tania Hoteli | CCS","description":"CCS \u015bwiadczy us\u0142ugi sprz\u0105tania hoteli \u2014 od sprz\u0105tania hoteli po centra rekreacji, si\u0142ownie, afterparty, o\u015brodki wypoczynkowe, bary i us\u0142ugi sprz\u0105tania pub\u00f3w. Skonsultuj si\u0119 ju\u017c dzi\u015b!","robots":{"index":"index","follow":"follow","max-snippet":"max-snippet:-1","max-image-preview":"max-image-preview:large","max-video-preview":"max-video-preview:-1"},"canonical":"https:\/\/ccscleaning.com\/pl\/hospitality-cleaning-services\/","og_locale":"pl_PL","og_type":"article","og_title":"Sprz\u0105tanie Hotelarskie | Us\u0142ugi Sprz\u0105tania Hoteli | CCS","og_description":"CCS \u015bwiadczy us\u0142ugi sprz\u0105tania hoteli \u2014 od sprz\u0105tania hoteli po centra rekreacji, si\u0142ownie, afterparty, o\u015brodki wypoczynkowe, bary i us\u0142ugi sprz\u0105tania pub\u00f3w. Skonsultuj si\u0119 ju\u017c dzi\u015b!","og_url":"https:\/\/ccscleaning.com\/pl\/hospitality-cleaning-services\/","og_site_name":"CCS Cleaning Poland","article_modified_time":"2025-09-15T07:51:43+00:00","og_image":[{"url":"https:\/\/ccscleaning.com\/wp-content\/uploads\/2021\/04\/cbre.jpg","type":"","width":"","height":""}],"twitter_card":"summary_large_image","twitter_misc":{"Est. reading time":"11 minut"},"schema":{"@context":"https:\/\/schema.org","@graph":[{"@type":"WebPage","@id":"https:\/\/ccscleaning.com\/pl\/hospitality-cleaning-services\/","url":"https:\/\/ccscleaning.com\/pl\/hospitality-cleaning-services\/","name":"Sprz\u0105tanie Hotelarskie | Us\u0142ugi Sprz\u0105tania Hoteli | CCS","isPartOf":{"@id":"https:\/\/ccscleaning.com\/pl\/#website"},"primaryImageOfPage":{"@id":"https:\/\/ccscleaning.com\/pl\/hospitality-cleaning-services\/#primaryimage"},"image":{"@id":"https:\/\/ccscleaning.com\/pl\/hospitality-cleaning-services\/#primaryimage"},"thumbnailUrl":"https:\/\/ccscleaning.com\/wp-content\/uploads\/2021\/04\/cbre.jpg","datePublished":"2025-03-21T13:33:23+00:00","dateModified":"2025-09-15T07:51:43+00:00","description":"CCS \u015bwiadczy us\u0142ugi sprz\u0105tania hoteli \u2014 od sprz\u0105tania hoteli po centra rekreacji, si\u0142ownie, afterparty, o\u015brodki wypoczynkowe, bary i us\u0142ugi sprz\u0105tania pub\u00f3w. Skonsultuj si\u0119 ju\u017c dzi\u015b!","breadcrumb":{"@id":"https:\/\/ccscleaning.com\/pl\/hospitality-cleaning-services\/#breadcrumb"},"inLanguage":"pl-PL","potentialAction":[{"@type":"ReadAction","target":["https:\/\/ccscleaning.com\/pl\/hospitality-cleaning-services\/"]}]},{"@type":"ImageObject","inLanguage":"pl-PL","@id":"https:\/\/ccscleaning.com\/pl\/hospitality-cleaning-services\/#primaryimage","url":"https:\/\/ccscleaning.com\/wp-content\/uploads\/2021\/04\/cbre.jpg","contentUrl":"https:\/\/ccscleaning.com\/wp-content\/uploads\/2021\/04\/cbre.jpg"},{"@type":"BreadcrumbList","@id":"https:\/\/ccscleaning.com\/pl\/hospitality-cleaning-services\/#breadcrumb","itemListElement":[{"@type":"ListItem","position":1,"name":"Strona g\u0142\u00f3wna","item":"https:\/\/ccscleaning.com\/pl\/"},{"@type":"ListItem","position":2,"name":"Hospitality Cleaning Services"}]},{"@type":"WebSite","@id":"https:\/\/ccscleaning.com\/pl\/#website","url":"https:\/\/ccscleaning.com\/pl\/","name":"CCS Cleaning Poland","description":"","potentialAction":[{"@type":"SearchAction","target":{"@type":"EntryPoint","urlTemplate":"https:\/\/ccscleaning.com\/pl\/?s={search_term_string}"},"query-input":{"@type":"PropertyValueSpecification","valueRequired":true,"valueName":"search_term_string"}}],"inLanguage":"pl-PL"}]}},"acf":[],"_links":{"self":[{"href":"https:\/\/ccscleaning.com\/pl\/wp-json\/wp\/v2\/pages\/6964","targetHints":{"allow":["GET"]}}],"collection":[{"href":"https:\/\/ccscleaning.com\/pl\/wp-json\/wp\/v2\/pages"}],"about":[{"href":"https:\/\/ccscleaning.com\/pl\/wp-json\/wp\/v2\/types\/page"}],"author":[{"embeddable":true,"href":"https:\/\/ccscleaning.com\/pl\/wp-json\/wp\/v2\/users\/1"}],"replies":[{"embeddable":true,"href":"https:\/\/ccscleaning.com\/pl\/wp-json\/wp\/v2\/comments?post=6964"}],"version-history":[{"count":13,"href":"https:\/\/ccscleaning.com\/pl\/wp-json\/wp\/v2\/pages\/6964\/revisions"}],"predecessor-version":[{"id":7353,"href":"https:\/\/ccscleaning.com\/pl\/wp-json\/wp\/v2\/pages\/6964\/revisions\/7353"}],"wp:attachment":[{"href":"https:\/\/ccscleaning.com\/pl\/wp-json\/wp\/v2\/media?parent=6964"}],"curies":[{"name":"wp","href":"https:\/\/api.w.org\/{rel}","templated":true}]}}