{"id":6966,"date":"2025-03-21T13:34:27","date_gmt":"2025-03-21T13:34:27","guid":{"rendered":"https:\/\/ccscleaning.com\/pl\/?page_id=6966"},"modified":"2025-08-19T08:10:21","modified_gmt":"2025-08-19T08:10:21","slug":"ecovadis","status":"publish","type":"page","link":"https:\/\/ccscleaning.com\/pl\/ecovadis\/","title":{"rendered":"Ecovadis"},"content":{"rendered":"<section class=\"welcome-ccs csr-casestudy-afterbanner covad\">\r\n<div class=\"container\">\r\n<div class=\"row\">\r\n<div class=\"col-lg-8 col-sm-7\">\r\n<h2>Komunikat prasowy Ecovadis<\/h2>\r\n<p>Agnieszka i ca\u0142y zesp\u00f3\u0142 CCS z dum\u0105 og\u0142aszaj\u0105, \u017ce zdobyli\u015bmy z\u0142oty medal Ecovadis. To wyr\u00f3\u017cnienie oznacza, \u017ce dumnie zajmujemy miejsce w pierwszej 5% wszystkich ocenianych przez Ecovadis firm, kt\u00f3rych liczba przekroczy\u0142a teraz 100 000.<\/p>\r\n<div class=\"btn-sec\">\r\n<a href=\"https:\/\/ccscleaning.com\/contact-us\/\" class=\"btns-link\">CONTACT US TODAY<\/a>\r\n<a href=\"https:\/\/ccscleaning.com\/cleaning-services\/\" class=\"btns-link\">Our Services<\/a>\r\n<\/div>\r\n<\/div>\r\n<div class=\"col-lg-4 col-sm-5\">\r\n<div class=\"proposal-result-sec\">\r\n<h3>Other Marketplace Polices and Practices<\/h3>\r\n<ul>\r\n<li><a href=\"https:\/\/ccscleaning.com\/green-office\/\">Green Office<\/a><\/li>\r\n<li><a href=\"https:\/\/ccscleaning.com\/local-green-initiatives\/\">Local Green Initiatives<\/a><\/li>\r\n<\/ul>\r\n<\/div>\r\n<\/div>\r\n<\/div>\r\n<\/div>\r\n<\/section>\r\n<section class=\"csr-casestudy-content\">\r\n<div class=\"container\">\r\n<div class=\"row\">\r\n<fieldset>\r\n<div class=\"col-lg-6 col-sm-7\">\r\n<p>Metodologia Ecovadis opiera si\u0119 na mi\u0119dzynarodowych standardach zr\u00f3wnowa\u017conego rozwoju, w tym na Global Reporting Initiative, Pakt Globalny Organizacji Narod\u00f3w Zjednoczonych i ISO 26000, obejmuj\u0105cych ponad 200 kategorii wydatk\u00f3w i ponad 175 kraj\u00f3w.<\/p>\r\n<p>S\u0105 najwi\u0119kszym i najbardziej zaufanym dostawc\u0105 ocen zr\u00f3wnowa\u017conego rozwoju biznesu na \u015bwiecie. Ocena Ecovadis sprawdza, jak dobrze firma zintegrowa\u0142a zasady zr\u00f3wnowa\u017conego rozwoju i spo\u0142ecznej odpowiedzialno\u015bci biznesu (CSR) w czterech g\u0142\u00f3wnych obszarach: \u015brodowisku, pracy i praw cz\u0142owieka, etyce oraz zr\u00f3wnowa\u017conych zakupach.<\/p>\r\n<p>Ten medal doskonale ilustruje zaanga\u017cowanie CCS w praktyki zr\u00f3wnowa\u017conego czyszczenia i \u015brodki, kt\u00f3re podj\u0119li\u015bmy, aby je osi\u0105gn\u0105\u0107. Nie tylko priorytetem dla nas jest stosowanie zr\u00f3wnowa\u017conych rozwi\u0105za\u0144 czyszcz\u0105cych i sprz\u0119tu, ale tak\u017ce dbamy o \u015brodowisko na ka\u017cdym etapie naszego \u0142a\u0144cucha dostaw.<\/p>\r\n<p>z\u0142oty medal Ecovadis stanowi r\u00f3wnie\u017c dow\u00f3d naszego oddania w tworzeniu etycznego i sprawiedliwego \u015brodowiska pracy dla wszystkich cz\u0142onk\u00f3w naszego zespo\u0142u w o\u015bmiu krajach, w kt\u00f3rych dzia\u0142amy.<\/p>\r\n<p>CCS jest pe\u0142ne rado\u015bci z osi\u0105gni\u0119cia tego wa\u017cnego sukcesu;\u2026\u2026 z\u0142oty medal Ecovadis to konkretne potwierdzenie naszego niezachwianego zaanga\u017cowania w zr\u00f3wnowa\u017cony rozw\u00f3j i odpowiedzialne praktyki biznesowe, zar\u00f3wno teraz, jak i w przysz\u0142o\u015bci.<\/p>\r\n<\/div>\r\n<div class=\"col-lg-6 col-sm-5\">\r\n<div class=\"csr-casestudy-pic\"><img decoding=\"async\" src=\"https:\/\/ccscleaning.com\/wp-content\/uploads\/2023\/05\/image_2023_05_30T09_54_48_868Z.png\" class=\"img-fluid\" alt=\"\" \/><\/div>\r\n<br>\r\n<div class=\"csr-casestudy-pic\"><img decoding=\"async\" src=\"https:\/\/ccscleaning.com\/wp-content\/uploads\/2023\/05\/6-1-scaled.jpg\" class=\"img-fluid\" alt=\"\" \/><\/div>\r\n<\/div>\r\n<div class=\"clearfix\"><\/div>\r\n<\/fieldset>\r\n<\/div>\r\n<\/div>\r\n<\/section>","protected":false},"excerpt":{"rendered":"<p>Komunikat prasowy Ecovadis Agnieszka i ca\u0142y zesp\u00f3\u0142 CCS z dum\u0105 og\u0142aszaj\u0105, \u017ce zdobyli\u015bmy z\u0142oty medal Ecovadis. To wyr\u00f3\u017cnienie oznacza, \u017ce dumnie zajmujemy miejsce w pierwszej 5% wszystkich ocenianych przez Ecovadis firm, kt\u00f3rych liczba przekroczy\u0142a teraz 100 000. CONTACT US TODAY Our Services Other Marketplace Polices and Practices Green Office Local Green Initiatives Metodologia Ecovadis opiera&#8230;  <a href=\"https:\/\/ccscleaning.com\/pl\/ecovadis\/\" class=\"more-link\" title=\"Read Ecovadis\">Read more &raquo;<\/a><\/p>\n","protected":false},"author":1,"featured_media":0,"parent":0,"menu_order":0,"comment_status":"closed","ping_status":"closed","template":"","meta":{"footnotes":""},"class_list":["post-6966","page","type-page","status-publish","hentry"],"yoast_head":"<!-- This site is optimized with the Yoast SEO plugin v27.1.1 - https:\/\/yoast.com\/product\/yoast-seo-wordpress\/ -->\n<title>CCS zdobywa z\u0142oty medal Ecovadis za zr\u00f3wnowa\u017con\u0105 doskona\u0142o\u015b\u0107<\/title>\n<meta name=\"description\" content=\"CCS zdobywa presti\u017cowy z\u0142oty medal Ecovadis. Odkryj, jak nasze zr\u00f3wnowa\u017cone rozwi\u0105zania czyszcz\u0105ce i etyczne \u015brodowisko wyr\u00f3\u017cniaj\u0105 nas.\" \/>\n<meta name=\"robots\" content=\"index, follow, max-snippet:-1, max-image-preview:large, max-video-preview:-1\" \/>\n<link rel=\"canonical\" href=\"https:\/\/ccscleaning.com\/pl\/ecovadis\/\" \/>\n<meta property=\"og:locale\" content=\"pl_PL\" \/>\n<meta property=\"og:type\" content=\"article\" \/>\n<meta property=\"og:title\" content=\"CCS zdobywa z\u0142oty medal Ecovadis za zr\u00f3wnowa\u017con\u0105 doskona\u0142o\u015b\u0107\" \/>\n<meta property=\"og:description\" content=\"CCS zdobywa presti\u017cowy z\u0142oty medal Ecovadis. Odkryj, jak nasze zr\u00f3wnowa\u017cone rozwi\u0105zania czyszcz\u0105ce i etyczne \u015brodowisko wyr\u00f3\u017cniaj\u0105 nas.\" \/>\n<meta property=\"og:url\" content=\"https:\/\/ccscleaning.com\/pl\/ecovadis\/\" \/>\n<meta property=\"og:site_name\" content=\"CCS Cleaning Poland\" \/>\n<meta property=\"article:modified_time\" content=\"2025-08-19T08:10:21+00:00\" \/>\n<meta property=\"og:image\" content=\"https:\/\/ccscleaning.com\/wp-content\/uploads\/2023\/05\/image_2023_05_30T09_54_48_868Z.png\" \/>\n<meta name=\"twitter:card\" content=\"summary_large_image\" \/>\n<meta name=\"twitter:label1\" content=\"Est. reading time\" \/>\n\t<meta name=\"twitter:data1\" content=\"3 minuty\" \/>\n<!-- \/ Yoast SEO plugin. -->","yoast_head_json":{"title":"CCS zdobywa z\u0142oty medal Ecovadis za zr\u00f3wnowa\u017con\u0105 doskona\u0142o\u015b\u0107","description":"CCS zdobywa presti\u017cowy z\u0142oty medal Ecovadis. Odkryj, jak nasze zr\u00f3wnowa\u017cone rozwi\u0105zania czyszcz\u0105ce i etyczne \u015brodowisko wyr\u00f3\u017cniaj\u0105 nas.","robots":{"index":"index","follow":"follow","max-snippet":"max-snippet:-1","max-image-preview":"max-image-preview:large","max-video-preview":"max-video-preview:-1"},"canonical":"https:\/\/ccscleaning.com\/pl\/ecovadis\/","og_locale":"pl_PL","og_type":"article","og_title":"CCS zdobywa z\u0142oty medal Ecovadis za zr\u00f3wnowa\u017con\u0105 doskona\u0142o\u015b\u0107","og_description":"CCS zdobywa presti\u017cowy z\u0142oty medal Ecovadis. Odkryj, jak nasze zr\u00f3wnowa\u017cone rozwi\u0105zania czyszcz\u0105ce i etyczne \u015brodowisko wyr\u00f3\u017cniaj\u0105 nas.","og_url":"https:\/\/ccscleaning.com\/pl\/ecovadis\/","og_site_name":"CCS Cleaning Poland","article_modified_time":"2025-08-19T08:10:21+00:00","og_image":[{"url":"https:\/\/ccscleaning.com\/wp-content\/uploads\/2023\/05\/image_2023_05_30T09_54_48_868Z.png","type":"","width":"","height":""}],"twitter_card":"summary_large_image","twitter_misc":{"Est. reading time":"3 minuty"},"schema":{"@context":"https:\/\/schema.org","@graph":[{"@type":"WebPage","@id":"https:\/\/ccscleaning.com\/pl\/ecovadis\/","url":"https:\/\/ccscleaning.com\/pl\/ecovadis\/","name":"CCS zdobywa z\u0142oty medal Ecovadis za zr\u00f3wnowa\u017con\u0105 doskona\u0142o\u015b\u0107","isPartOf":{"@id":"https:\/\/ccscleaning.com\/pl\/#website"},"primaryImageOfPage":{"@id":"https:\/\/ccscleaning.com\/pl\/ecovadis\/#primaryimage"},"image":{"@id":"https:\/\/ccscleaning.com\/pl\/ecovadis\/#primaryimage"},"thumbnailUrl":"https:\/\/ccscleaning.com\/wp-content\/uploads\/2023\/05\/image_2023_05_30T09_54_48_868Z.png","datePublished":"2025-03-21T13:34:27+00:00","dateModified":"2025-08-19T08:10:21+00:00","description":"CCS zdobywa presti\u017cowy z\u0142oty medal Ecovadis. Odkryj, jak nasze zr\u00f3wnowa\u017cone rozwi\u0105zania czyszcz\u0105ce i etyczne \u015brodowisko wyr\u00f3\u017cniaj\u0105 nas.","breadcrumb":{"@id":"https:\/\/ccscleaning.com\/pl\/ecovadis\/#breadcrumb"},"inLanguage":"pl-PL","potentialAction":[{"@type":"ReadAction","target":["https:\/\/ccscleaning.com\/pl\/ecovadis\/"]}]},{"@type":"ImageObject","inLanguage":"pl-PL","@id":"https:\/\/ccscleaning.com\/pl\/ecovadis\/#primaryimage","url":"https:\/\/ccscleaning.com\/wp-content\/uploads\/2023\/05\/image_2023_05_30T09_54_48_868Z.png","contentUrl":"https:\/\/ccscleaning.com\/wp-content\/uploads\/2023\/05\/image_2023_05_30T09_54_48_868Z.png"},{"@type":"BreadcrumbList","@id":"https:\/\/ccscleaning.com\/pl\/ecovadis\/#breadcrumb","itemListElement":[{"@type":"ListItem","position":1,"name":"Strona g\u0142\u00f3wna","item":"https:\/\/ccscleaning.com\/pl\/"},{"@type":"ListItem","position":2,"name":"Ecovadis"}]},{"@type":"WebSite","@id":"https:\/\/ccscleaning.com\/pl\/#website","url":"https:\/\/ccscleaning.com\/pl\/","name":"CCS Cleaning Poland","description":"","potentialAction":[{"@type":"SearchAction","target":{"@type":"EntryPoint","urlTemplate":"https:\/\/ccscleaning.com\/pl\/?s={search_term_string}"},"query-input":{"@type":"PropertyValueSpecification","valueRequired":true,"valueName":"search_term_string"}}],"inLanguage":"pl-PL"}]}},"acf":[],"_links":{"self":[{"href":"https:\/\/ccscleaning.com\/pl\/wp-json\/wp\/v2\/pages\/6966","targetHints":{"allow":["GET"]}}],"collection":[{"href":"https:\/\/ccscleaning.com\/pl\/wp-json\/wp\/v2\/pages"}],"about":[{"href":"https:\/\/ccscleaning.com\/pl\/wp-json\/wp\/v2\/types\/page"}],"author":[{"embeddable":true,"href":"https:\/\/ccscleaning.com\/pl\/wp-json\/wp\/v2\/users\/1"}],"replies":[{"embeddable":true,"href":"https:\/\/ccscleaning.com\/pl\/wp-json\/wp\/v2\/comments?post=6966"}],"version-history":[{"count":2,"href":"https:\/\/ccscleaning.com\/pl\/wp-json\/wp\/v2\/pages\/6966\/revisions"}],"predecessor-version":[{"id":7217,"href":"https:\/\/ccscleaning.com\/pl\/wp-json\/wp\/v2\/pages\/6966\/revisions\/7217"}],"wp:attachment":[{"href":"https:\/\/ccscleaning.com\/pl\/wp-json\/wp\/v2\/media?parent=6966"}],"curies":[{"name":"wp","href":"https:\/\/api.w.org\/{rel}","templated":true}]}}